{"id":1258,"date":"2022-04-25T11:16:01","date_gmt":"2022-04-25T09:16:01","guid":{"rendered":"https:\/\/pfaff-handel.de\/?page_id=1258"},"modified":"2025-05-06T19:55:12","modified_gmt":"2025-05-06T17:55:12","slug":"a-start","status":"publish","type":"page","link":"https:\/\/pfaff-handel.de\/?page_id=1258","title":{"rendered":"Informationen"},"content":{"rendered":"\n<h2 class=\"wp-block-heading\" id=\"block-062fd6ae-57f3-440b-91eb-22ad0c792935\">Herzlich willkommen auf unserer Homepage<\/h2>\n\n\n\n<p class=\"has-text-align-center\" id=\"block-dc480d1c-2705-4bd0-b93d-767da7597aa8\"><a rel=\"noreferrer noopener\" href=\"https:\/\/www.ixq.de\/datum\/\" target=\"_blank\"><\/a><\/p>\n\n\n<div class=\"wp-block-image\">\n<figure class=\"aligncenter\" id=\"block-d2428328-96eb-4b30-8e07-752f3c70427f\"><img decoding=\"async\" src=\"https:\/\/pfaff-handel.de\/wp-content\/uploads\/2021\/01\/0_Logo3_Handel_Pfaff_Backnang.jpg\" alt=\"Dieses Bild hat ein leeres Alt-Attribut. Der Dateiname ist 0_Logo3_Handel_Pfaff_Backnang.jpg\"\/><\/figure>\n<\/div>\n\n\n<p class=\"has-text-align-center has-luminous-vivid-amber-background-color has-background has-medium-font-size\"><strong>Hinweis: Die Niederlassung Stuttgart, existiert wegen Fachkr\u00e4ftemangel, nicht mehr!<\/strong><\/p>\n\n\n<div class=\"wp-block-image\">\n<figure class=\"aligncenter size-full\"><img loading=\"lazy\" decoding=\"async\" width=\"604\" height=\"791\" src=\"https:\/\/pfaff-handel.de\/wp-content\/uploads\/2025\/05\/Hinweistext-Handel-Herzlich-willkommen-20250101-1.jpg\" alt=\"\" class=\"wp-image-1482\" srcset=\"https:\/\/pfaff-handel.de\/wp-content\/uploads\/2025\/05\/Hinweistext-Handel-Herzlich-willkommen-20250101-1.jpg 604w, https:\/\/pfaff-handel.de\/wp-content\/uploads\/2025\/05\/Hinweistext-Handel-Herzlich-willkommen-20250101-1-229x300.jpg 229w\" sizes=\"auto, (max-width: 604px) 100vw, 604px\" \/><\/figure>\n<\/div>\n\n\n<h2 class=\"wp-block-heading has-text-align-center has-luminous-vivid-amber-to-luminous-vivid-orange-gradient-background has-background has-medium-font-size\" id=\"block-cce189b7-c1e7-401b-8d3d-09d730bccf52\" style=\"font-style:normal;font-weight:700\">Wir vereinbaren gerne einen Termin in unserem Haus!<br>Bitte melden Sie sich unbedingt immer vorher telefonisch an!<\/h2>\n\n\n\n<p><\/p>\n\n\n\n<p><\/p>\n\n\n<div class=\"wp-block-image\">\n<figure class=\"aligncenter size-full\"><img loading=\"lazy\" decoding=\"async\" width=\"747\" height=\"508\" src=\"https:\/\/pfaff-handel.de\/wp-content\/uploads\/2022\/08\/Verbotshinweis_Haende_nicht_schuetteln.jpg\" alt=\"\" class=\"wp-image-1334\" srcset=\"https:\/\/pfaff-handel.de\/wp-content\/uploads\/2022\/08\/Verbotshinweis_Haende_nicht_schuetteln.jpg 747w, https:\/\/pfaff-handel.de\/wp-content\/uploads\/2022\/08\/Verbotshinweis_Haende_nicht_schuetteln-300x204.jpg 300w\" sizes=\"auto, (max-width: 747px) 100vw, 747px\" \/><\/figure>\n<\/div>\n\n\n<h2 class=\"wp-block-heading\" id=\"block-d6a86cf1-7c26-45c2-837e-22181182affd\">Ersatzteil-Service<\/h2>\n\n\n\n<p><\/p>\n\n\n\n<p id=\"block-2ac15323-b36a-446a-94e8-dd9bfadb7d2f\">Hier erhalten Sie die <strong>technische Beratung<\/strong> und <strong>Ersatzteile<\/strong> f\u00fcr <strong>Gas\u00f6fen- Gasraumheizer, Gaskaminofen, Gaskachel\u00f6fen,<\/strong> usw.<\/p>\n\n\n\n<p id=\"block-3f9144d8-f477-403c-ae9f-9180066ae1ba\"><strong>Wichtiger HINWEIS! Unser ONLINESHOP ist nicht mehr verf\u00fcgbar!<\/strong> Ersatzteile, Bestellnummern und Preise finden sie bei den Produkten bzw. Herstellernamen im <strong>linken senkrechten Balken.<\/strong><\/p>\n\n\n\n<p id=\"block-26203df8-f95d-42da-92de-6a9822025a9c\">Spezialisiert f\u00fcr die Reparatur von mechanischen Gasregelarmaturen der Herstellern DUNGS Typ: BM 751, JUNKERS CR&#8230; &#8230; , SIT-EUROSIT und SIT-MINISIT<\/p>\n\n\n\n<p id=\"block-dc54114a-49e8-4153-bfc2-04a972852db7\">Die <strong>Reparaturzeit<\/strong> der <strong>Gasregelarmaturen<\/strong> betr\u00e4gt momentan nach Erhalt ca. 2-4 Wochen<\/p>\n\n\n\n<p id=\"block-0bcf9ae7-f268-474c-a27e-1e7cc0c0bf47\">Der <strong>Ersatzteilladen in Stuttgart<\/strong> existiert, wegen Fachkr\u00e4ftemangel, nicht mehr!<\/p>\n\n\n\n<p id=\"block-e03ab4e2-e0ec-4c99-8fa1-a3149ef599c8\"><\/p>\n\n\n\n<p id=\"block-66c59681-ba84-473f-ae66-6b0466d93849\">++++++++++++++++++++++++++++++++++++++++++++++++++++++++++++++++<\/p>\n\n\n\n<h2 class=\"wp-block-heading\" id=\"block-05841f50-255d-45e9-8ff3-2b3e2549d9bc\"><strong>ACHTUNG KEIN PRIVAT VERKAUF M\u00d6GLICH!<\/strong>!!<\/h2>\n\n\n\n<p id=\"block-e5f8fe1e-32a0-4f6d-ad0f-2da8bbb5f8f6\"><strong>Wir h\u00e4ndigen und liefern ERSATZTEILE nur per VORKASSE bzw. BARZAHLUNG an SHK-Fachgro\u00dfhandel und an SHK-Fachbetriebe aus!<\/strong> In unseren Ersatzteilpreislisten weisen wir Netto-Preise aus. Die Versandkostenpauschale betr\u00e4gt 13,00 Euro. Unsere Preise verstehen sich zuz\u00fcglich der gesetzlichen Mehrwertsteuer.<\/p>\n\n\n\n<p id=\"block-2416fc02-1894-4383-9cf0-8d413e52b4c5\"><strong>Liebe\/r Endkundin\/Endkunde bitte wenden Sie sich an Ihren \u00f6rtlichen SHK-Fachbetrieb (Gas- u. Wasser Fachbetrieb)<\/strong> oder an unseren Kundendienstservice: <a href=\"https:\/\/pfaff-meister.de\/?page_id=123\">https:\/\/pfaff-meister.de\/web\/?page_id=123<\/a><\/p>\n\n\n\n<p id=\"block-8320589d-ba07-4f5c-8c3b-91347bec0449\">Vielen herzlichen Dank f\u00fcr Ihr Verst\u00e4ndnis!<\/p>\n","protected":false},"excerpt":{"rendered":"<p>Herzlich willkommen auf unserer Homepage Hinweis: Die Niederlassung Stuttgart, existiert wegen Fachkr\u00e4ftemangel, nicht mehr! Wir vereinbaren gerne einen Termin in unserem Haus!Bitte melden Sie sich unbedingt immer vorher telefonisch an! Ersatzteil-Service Hier erhalten Sie die technische Beratung und Ersatzteile f\u00fcr Gas\u00f6fen- Gasraumheizer, Gaskaminofen, Gaskachel\u00f6fen, usw. Wichtiger HINWEIS! Unser ONLINESHOP ist nicht mehr verf\u00fcgbar! Ersatzteile, Bestellnummern und Preise finden sie bei den Produkten bzw. Herstellernamen im linken senkrechten Balken. Spezialisiert f\u00fcr die Reparatur von mechanischen Gasregelarmaturen der Herstellern DUNGS Typ: BM 751, JUNKERS CR&#8230; &#8230; , SIT-EUROSIT und SIT-MINISIT Die Reparaturzeit der Gasregelarmaturen betr\u00e4gt momentan nach Erhalt ca. 2-4 Wochen Der&#8230; <\/p>\n","protected":false},"author":3,"featured_media":0,"parent":0,"menu_order":0,"comment_status":"closed","ping_status":"closed","template":"","meta":{"footnotes":""},"class_list":["post-1258","page","type-page","status-publish","hentry"],"_links":{"self":[{"href":"https:\/\/pfaff-handel.de\/index.php?rest_route=\/wp\/v2\/pages\/1258","targetHints":{"allow":["GET"]}}],"collection":[{"href":"https:\/\/pfaff-handel.de\/index.php?rest_route=\/wp\/v2\/pages"}],"about":[{"href":"https:\/\/pfaff-handel.de\/index.php?rest_route=\/wp\/v2\/types\/page"}],"author":[{"embeddable":true,"href":"https:\/\/pfaff-handel.de\/index.php?rest_route=\/wp\/v2\/users\/3"}],"replies":[{"embeddable":true,"href":"https:\/\/pfaff-handel.de\/index.php?rest_route=%2Fwp%2Fv2%2Fcomments&post=1258"}],"version-history":[{"count":29,"href":"https:\/\/pfaff-handel.de\/index.php?rest_route=\/wp\/v2\/pages\/1258\/revisions"}],"predecessor-version":[{"id":1484,"href":"https:\/\/pfaff-handel.de\/index.php?rest_route=\/wp\/v2\/pages\/1258\/revisions\/1484"}],"wp:attachment":[{"href":"https:\/\/pfaff-handel.de\/index.php?rest_route=%2Fwp%2Fv2%2Fmedia&parent=1258"}],"curies":[{"name":"wp","href":"https:\/\/api.w.org\/{rel}","templated":true}]}}