{"id":16,"date":"2017-07-12T13:48:17","date_gmt":"2017-07-12T12:48:17","guid":{"rendered":"http:\/\/juno-stuttgart.de\/?page_id=16"},"modified":"2025-05-06T20:04:54","modified_gmt":"2025-05-06T18:04:54","slug":"startseite","status":"publish","type":"page","link":"https:\/\/pfaff-handel.de\/?page_id=16","title":{"rendered":"Startseite"},"content":{"rendered":"\n<h2 class=\"wp-block-heading has-text-align-center has-white-color has-luminous-vivid-orange-background-color has-text-color has-background has-large-font-size\">Herzlich willkommen auf unserer Homepage<\/h2>\n\n\n\n<figure class=\"wp-block-image size-full\"><img loading=\"lazy\" decoding=\"async\" width=\"1328\" height=\"504\" src=\"https:\/\/pfaff-handel.de\/wp-content\/uploads\/2021\/01\/0_Logo3_Handel_Pfaff_Backnang.jpg\" alt=\"\" class=\"wp-image-1008\" srcset=\"https:\/\/pfaff-handel.de\/wp-content\/uploads\/2021\/01\/0_Logo3_Handel_Pfaff_Backnang.jpg 1328w, https:\/\/pfaff-handel.de\/wp-content\/uploads\/2021\/01\/0_Logo3_Handel_Pfaff_Backnang-300x114.jpg 300w, https:\/\/pfaff-handel.de\/wp-content\/uploads\/2021\/01\/0_Logo3_Handel_Pfaff_Backnang-1024x389.jpg 1024w, https:\/\/pfaff-handel.de\/wp-content\/uploads\/2021\/01\/0_Logo3_Handel_Pfaff_Backnang-768x291.jpg 768w\" sizes=\"auto, (max-width: 1328px) 100vw, 1328px\" \/><\/figure>\n\n\n<div class=\"wp-block-image\">\n<figure class=\"aligncenter size-full is-resized\"><img loading=\"lazy\" decoding=\"async\" width=\"604\" height=\"791\" src=\"https:\/\/pfaff-handel.de\/wp-content\/uploads\/2025\/05\/Hinweistext-Handel-Herzlich-willkommen-20250101.jpg\" alt=\"\" class=\"wp-image-1478\" style=\"width:604px;height:auto\" srcset=\"https:\/\/pfaff-handel.de\/wp-content\/uploads\/2025\/05\/Hinweistext-Handel-Herzlich-willkommen-20250101.jpg 604w, https:\/\/pfaff-handel.de\/wp-content\/uploads\/2025\/05\/Hinweistext-Handel-Herzlich-willkommen-20250101-229x300.jpg 229w\" sizes=\"auto, (max-width: 604px) 100vw, 604px\" \/><\/figure>\n<\/div>\n\n\n<h2 class=\"wp-block-heading has-text-align-center has-luminous-vivid-amber-background-color has-background has-medium-font-size\" id=\"block-a3a971fb-80e3-45c2-bd31-a46d68bf79e7\">Wir vereinbaren gerne einen Termin in unserem Haus!<br>Bitte melden Sie sich unbedingt immer vorher telefonisch an!                                             Achtung \/ Hinweis: Die Niederlassung in Stuttgart existiert nicht mehr!<\/h2>\n\n\n\n<p class=\"has-luminous-vivid-amber-background-color has-background\"><strong>Achtung \/ Hinweis: Die Niederlassung in Stuttgart existiert nicht mehr!<\/strong><\/p>\n\n\n\n<h2 class=\"wp-block-heading has-white-color has-luminous-vivid-orange-background-color has-text-color has-background has-large-font-size\">Ersatzteil-Service<\/h2>\n\n\n\n<p class=\"has-luminous-vivid-amber-background-color has-background has-medium-font-size\">Hier erhalten Sie die <strong>technische Beratung<\/strong> und <strong>Ersatzteile<\/strong> f\u00fcr <strong>Gas\u00f6fen- Gasraumheizer, Gaskaminofen, Gaskachel\u00f6fen,<\/strong> usw.<\/p>\n\n\n\n<p class=\"has-pale-pink-background-color has-background has-medium-font-size\"><strong>Wichtiger HINWEIS! Unser ONLINESHOP ist nicht mehr verf\u00fcgbar!<\/strong> Ersatzteile, Bestellnummern und Preise finden sie bei den Produkten bzw. Herstellernamen im <strong>linken senkrechten Balken.<\/strong><\/p>\n\n\n\n<p class=\"has-black-color has-vivid-green-cyan-background-color has-text-color has-background has-medium-font-size\">Spezialisiert f\u00fcr die Reparatur von mechanischen Gasregelarmaturen der Herstellern DUNGS Typ: BM 751, JUNKERS CR&#8230; &#8230; , SIT-EUROSIT und SIT-MINISIT<\/p>\n\n\n\n<p class=\"has-luminous-vivid-amber-background-color has-background has-medium-font-size\">Die <strong>Reparaturzeit<\/strong> der <strong>Gasregelarmaturen<\/strong> betr\u00e4gt momentan nach Erhalt ca. 2-4 Wochen!<\/p>\n\n\n\n<p class=\"has-vivid-cyan-blue-background-color has-background has-medium-font-size\">Der <strong>Ersatzteilladen in Stuttgart<\/strong> ist bis auf weiteres <strong>geschlossen<\/strong>!<\/p>\n\n\n\n<p class=\"has-pale-pink-background-color has-background has-medium-font-size\"><strong>Wichtiger HINWEIS! Unser ONLINESHOP ist nicht mehr verf\u00fcgbar!<\/strong> Ersatzteile, Bestellnummern und Preise finden sie bei den Produkten bzw. Herstellernamen im <strong>linken senkrechten Balken.<\/strong><\/p>\n\n\n\n<p>++++++++++++++++++++++++++++++++++++++++++++++++++++++++++++++++<\/p>\n\n\n\n<h2 class=\"wp-block-heading has-text-align-center has-white-color has-vivid-red-background-color has-text-color has-background has-large-font-size\"><strong>ACHTUNG KEIN PRIVAT VERKAUF M\u00d6GLICH!<\/strong><\/h2>\n\n\n\n<p class=\"has-black-color has-luminous-vivid-orange-background-color has-text-color has-background has-medium-font-size\"><strong>Wir h\u00e4ndigen und liefern ERSATZTEILE nur per VORKASSE bzw. BARZAHLUNG an SHK-Fachgro\u00dfhandel und an SHK-Fachbetriebe aus!<\/strong> In unseren Ersatzteilpreislisten weisen wir Netto-Preise aus. Die Versandkostenpauschale betr\u00e4gt 13,00 Euro. Unsere Preise verstehen sich zuz\u00fcglich der gesetzlichen Mehrwertsteuer.<\/p>\n\n\n\n<p class=\"has-pale-cyan-blue-background-color has-background has-medium-font-size\"><strong>Liebe\/r Endkundin\/Endkunde bitte wenden Sie sich an Ihren \u00f6rtlichen SHK-Fachbetrieb (Gas- u. Wasser Fachbetrieb)<\/strong> oder an unseren Kundendienstservice: <a href=\"https:\/\/pfaff-meister.de\/?page_id=123\" data-type=\"URL\" data-id=\"https:\/\/pfaff-meister.de\/?page_id=123\">https:\/\/pfaff-meister.de\/web\/?page_id=123<\/a><\/p>\n\n\n\n<p class=\"has-text-align-center has-light-green-cyan-background-color has-background has-large-font-size\">Vielen herzlichen Dank f\u00fcr Ihr Verst\u00e4ndnis!<\/p>\n","protected":false},"excerpt":{"rendered":"<p>Herzlich willkommen auf unserer Homepage Wir vereinbaren gerne einen Termin in unserem Haus!Bitte melden Sie sich unbedingt immer vorher telefonisch an! Achtung \/ Hinweis: Die Niederlassung in Stuttgart existiert nicht mehr! Achtung \/ Hinweis: Die Niederlassung in Stuttgart existiert nicht mehr! Ersatzteil-Service Hier erhalten Sie die technische Beratung und Ersatzteile f\u00fcr Gas\u00f6fen- Gasraumheizer, Gaskaminofen, Gaskachel\u00f6fen, usw. Wichtiger HINWEIS! Unser ONLINESHOP ist nicht mehr verf\u00fcgbar! Ersatzteile, Bestellnummern und Preise finden sie bei den Produkten bzw. Herstellernamen im linken senkrechten Balken. Spezialisiert f\u00fcr die Reparatur von mechanischen Gasregelarmaturen der Herstellern DUNGS Typ: BM 751, JUNKERS CR&#8230; &#8230; , SIT-EUROSIT und SIT-MINISIT Die&#8230; <\/p>\n","protected":false},"author":2,"featured_media":0,"parent":0,"menu_order":0,"comment_status":"closed","ping_status":"closed","template":"","meta":{"footnotes":""},"class_list":["post-16","page","type-page","status-publish","hentry"],"_links":{"self":[{"href":"https:\/\/pfaff-handel.de\/index.php?rest_route=\/wp\/v2\/pages\/16","targetHints":{"allow":["GET"]}}],"collection":[{"href":"https:\/\/pfaff-handel.de\/index.php?rest_route=\/wp\/v2\/pages"}],"about":[{"href":"https:\/\/pfaff-handel.de\/index.php?rest_route=\/wp\/v2\/types\/page"}],"author":[{"embeddable":true,"href":"https:\/\/pfaff-handel.de\/index.php?rest_route=\/wp\/v2\/users\/2"}],"replies":[{"embeddable":true,"href":"https:\/\/pfaff-handel.de\/index.php?rest_route=%2Fwp%2Fv2%2Fcomments&post=16"}],"version-history":[{"count":260,"href":"https:\/\/pfaff-handel.de\/index.php?rest_route=\/wp\/v2\/pages\/16\/revisions"}],"predecessor-version":[{"id":1487,"href":"https:\/\/pfaff-handel.de\/index.php?rest_route=\/wp\/v2\/pages\/16\/revisions\/1487"}],"wp:attachment":[{"href":"https:\/\/pfaff-handel.de\/index.php?rest_route=%2Fwp%2Fv2%2Fmedia&parent=16"}],"curies":[{"name":"wp","href":"https:\/\/api.w.org\/{rel}","templated":true}]}}