{"id":35,"date":"2017-07-12T14:01:10","date_gmt":"2017-07-12T13:01:10","guid":{"rendered":"http:\/\/juno-stuttgart.de\/?page_id=35"},"modified":"2025-05-06T20:23:25","modified_gmt":"2025-05-06T18:23:25","slug":"datenschutz","status":"publish","type":"page","link":"https:\/\/pfaff-handel.de\/?page_id=35","title":{"rendered":"Datenschutz"},"content":{"rendered":"<p>Datenschutzerkl\u00e4rung:<\/p>\n<p>Wir verarbeiten personenbezogene Daten (nachfolgend \u201eDaten\u201c) der Nutzer nur, soweit dies zur Bereitstellung einer funktionsf\u00e4higen und komfortablen Website sowie unserer Inhalte und Leistungen erforderlich ist.<\/p>\n<p>Als \u201eVerarbeitung\u201c gilt die Erhebung, Nutzung, Weitergabe und\/oder Speicherung. Als \u201epersonenbezogene Daten\u201c gelten nach der Datenschutzgrundverordnung (nachfolgend \u201eDSGVO\u201c) grunds\u00e4tzlich alle Daten, mit denen eine nat\u00fcrliche Person identifiziert werden kann. Die genauen Definitionen der Begrifflichkeiten sind in Art. 4 DSGVO bestimmt.<\/p>\n<p>Nachstehende Ausf\u00fchrungen informieren Sie insbesondere \u00fcber die Art, den Umfang, den Zweck, die Dauer und die Rechtsgrundlage der Verarbeitung von personenbezogenen Daten \u00fcber dessen Zwecke und Mittel der Verarbeitung wir allein oder gemeinsam mit anderen entscheiden, sowie \u00fcber die von uns zur Optimierung und Nutzungsqualit\u00e4t gegebenenfalls eingesetzten Komponenten Dritter, die in eigener Verantwortung Daten verarbeiten:<br \/>\n_________________________________________<\/p>\n<p>A) Informationen zum Verantwortlichen<br \/>\nB) Rechte des Nutzers<br \/>\nC) Informationen zur Datenverarbeitung<br \/>\n_________________________________________<\/p>\n<p>A) Informationen zum Verantwortlichen<\/p>\n<p>Der Verantwortliche (nachfolgend \u201eAnbieter\u201c) im Sinne der DSGVO und anderer nationaler Datenschutzgesetze der Mitgliedsstaaten sowie sonstiger datenschutzrechtlicher Bestimmungen ist:<\/p>\n<p>Inhaber: Herr Florian Pfaff<br \/>\nPfaff-Gas-Technik.de<br \/>\nErsatzteil- Gro\u00df &amp; Einzelhandel<br \/>\nStiftsgrundhof 51<br \/>\n71522 Backnang<\/p>\n<p>Telefon: 07191-220630<\/p>\n<p>Internet: www.Pfaff-Handel.de<br \/>\nE-Mail: \u00a0info(at)pfaff-handel(dot)de<\/p>\n<p>B) Rechte des Nutzers<\/p>\n<p>Der Nutzer hat in Bezug auf die vom Anbieter nachfolgend wiedergegebene Verarbeitung seiner personenbezogenen Daten das Recht,<\/p>\n<p>1. eine Best\u00e4tigung dar\u00fcber zu verlangen, ob die ihn betreffenden Daten verarbeitet werden und auf genaue Auskunft \u00fcber diese Daten sowie auf weitere Informationen und Kopien der Daten entsprechend Art. 15 DSGVO;<\/p>\n<p>2. die unverz\u00fcgliche Berichtigung der ihn betreffenden unrichtigen Daten oder die Vervollst\u00e4ndigung dieser Daten gem\u00e4\u00df Art. 16 DSGVO zu verlangen;<\/p>\n<p>3. zu verlangen, dass die ihn betreffende Daten gem\u00e4\u00df Art. 17 DSGVO unverz\u00fcglich gel\u00f6scht werden, alternativ, falls beispielsweise eine weitere Verarbeitung gem\u00e4\u00df Art. 17 Abs. 3 DSGVO erforderlich ist, eine Einschr\u00e4nkung der Verarbeitung der Daten nach Ma\u00dfgabe des Art. 18 DSGVO zu verlangen;<\/p>\n<p>4. dass er die ihn betreffenden und von ihm bereitgestellten Daten nach Ma\u00dfgabe des Art. 20 DSGVO erh\u00e4lt und deren \u00dcbermittlung an andere Verantwortliche zu fordern;<\/p>\n<p>5. eine Beschwerde bei der Aufsichtsbeh\u00f6rde nach Art. 77 DSGVO einzureichen, falls der Nutzer der Ansicht ist, dass die Verarbeitung seiner Daten durch den Anbieter gegen die DSGVO verst\u00f6\u00dft.<br \/>\n_________________________<\/p>\n<p>6. Der Nutzer kann grunds\u00e4tzlich der k\u00fcnftigen Verarbeitung der ihn betreffenden Daten, welche durch einen Verantwortlichen auf Grundlage von Art. 6 Abs. 1 lit. f DSGVO erfolgt, jederzeit nach Ma\u00dfgabe des Art. 21 DSGVO widersprechen. Der Widerspruch kann insbesondere gegen die Verarbeitung f\u00fcr Zwecke der Direktwerbung erfolgen.<br \/>\n_________________________<\/p>\n<p>7. Der Anbieter ist zudem verpflichtet, jede Berichtigung oder L\u00f6schung der personenbezogenen Daten oder eine Einschr\u00e4nkung der Verarbeitung, die aufgrund von Artikel 16 DSGVO, Artikel 17 Absatz 1 DSGVO und Artikel 18 DSGVO erfolgt, allen Empf\u00e4ngern der Daten mitzuteilen, denen die Daten von ihm offengelegt wurden. Die Verpflichtung besteht nicht f\u00fcr den Fall, dass diese Mitteilung sich als unm\u00f6glich erweist oder mit einem unverh\u00e4ltnism\u00e4\u00dfigen Aufwand verbunden ist. Dem Nutzer steht das Recht auf Auskunft bez\u00fcglich dieser Empf\u00e4nger zu.<\/p>\n<p>C) Informationen zur Datenverarbeitung<\/p>\n<p>Soweit nachfolgend zu den einzelnen Datenverarbeitungen keine detaillierten Angaben erfolgen, werden die vom Anbieter verarbeiteten Daten des Nutzers gel\u00f6scht oder gesperrt, sobald der Zweck der Speicherung entf\u00e4llt und der L\u00f6schung keine gesetzlichen Aufbewahrungspflichten entgegenstehen.<\/p>\n<p>Serverdaten<\/p>\n<p>Aus kommunikations- und sicherheitstechnischen Gr\u00fcnden werden w\u00e4hrend des Besuches der Website u.a. folgende Daten, die der Internet-Browser des Nutzers an den Anbieter bzw. an seinen Webspace-Provider \u00fcbermittelt, erhoben (sogenannte Serverlogfiles):<\/p>\n<p>&#8211; Browsertyp und -version;<br \/>\n&#8211; verwendetes Betriebssystem;<br \/>\n&#8211; Website, von der der Nutzer auf die Website des Anbieters gewechselt hat (Referrer URL);<br \/>\n&#8211; Website, die der Nutzer besucht;<br \/>\n&#8211; Datum und Uhrzeit des Zugriffs;<br \/>\n&#8211; Internet-Protokoll-(IP)-Adresse des Nutzers.<\/p>\n<p>Die Daten werden zudem vor\u00fcbergehend gespeichert. Eine Speicherung dieser Daten zusammen mit anderen personenbezogenen Daten des Nutzers findet nicht statt. Rechtsgrundlage f\u00fcr die vor\u00fcbergehende Speicherung ist Art. 6 Abs. 1 lit. f DSGVO auf Basis des berechtigten Interesses an der Verbesserung der Stabilit\u00e4t, Funktionalit\u00e4t und Sicherheit der Website.<\/p>\n<p>Nach sp\u00e4testens sieben Tagen werden die Daten gel\u00f6scht. Daten, deren weitere Aufbewahrung zu Beweiszwecken erforderlich ist, sind bis zur endg\u00fcltigen Kl\u00e4rung des jeweiligen Vorfalls von der L\u00f6schung ausgenommen.<\/p>\n<p>Cookies<\/p>\n<p>a) \u201eSession\u201c-Cookies<\/p>\n<p>Der Anbieter verwendet auf seiner Website sog. Cookies. Cookies sind kleine Textdateien oder andere Speichertechnologien, die der vom Nutzer eingesetzte Internet-Browser auf dem Endger\u00e4t ablegt und speichert. Diese Cookies verarbeiten im individuellen Umfang bestimmte Informationen des Nutzers, wie beispielsweise Browser- und Standortdaten und IP-Adresswerte.<\/p>\n<p>Der Einsatz dieser Cookies erlaubt es dem Anbieter seine Website bedienfreundlicher, effektiver und sicherer zu gestalten. So erm\u00f6glichen die \u201eSession\u201c-Cookies beispielsweise die Speicherung der Log-in-Daten des Nutzers oder Spracheinstellungen, sodass diese nicht wiederholt eingegeben bzw. eingestellt werden m\u00fcssen.<\/p>\n<p>Der Einsatz dieser Cookies dient dem berechtigten Interesse des Anbieters an einer Verbesserung der Funktionalit\u00e4t der Website und beruht auf der Rechtsgrundlage des Art. 6 Abs. 1 lit. f DSGVO.<\/p>\n<p>Die \u201eSession\u201c-Cookies werden gel\u00f6scht, wenn der Nutzer seinen Browser schlie\u00dft.<\/p>\n<p>b) Cookies von Drittanbietern<\/p>\n<p>Gegebenenfalls werden auf der Webseite des Anbieters auch Cookies von Drittanbietern eingesetzt. Bei diesen Drittanbietern handelt es sich um Partnerunternehmen, mit denen der Anbieter zum Zwecke der Werbung, Analyse oder der Funktionalit\u00e4ten der Website zusammenwirkt. Sollte dies der Fall sein, werden die Zwecke und Rechtsgrundlagen der entsprechenden Verarbeitungen in den nachfolgenden Ausf\u00fchrungen wiedergegeben.<\/p>\n<p>c) Beseitigungsm\u00f6glichkeit<\/p>\n<p>Der Nutzer kann die Installation der Cookies durch eine entsprechende Einstellung des Browsers verhindern oder einschr\u00e4nken. Bereits gespeicherte Cookies k\u00f6nnen ebenfalls jederzeit gel\u00f6scht werden. Die Einstellungen hierzu sind vom jeweiligen Browser abh\u00e4ngig. Bei Flash-Cookies l\u00e4sst sich die Verarbeitung nicht \u00fcber die Einstellungen des Browsers unterbinden, sondern durch die entsprechende Einstellung des Flash-Players.\u00a0 Sollte der Nutzer die Installation der Cookies verhindern oder einschr\u00e4nken, kann dies dazu f\u00fchren, dass nicht s\u00e4mtliche Funktionen der Website vollumf\u00e4nglich nutzbar sind.<\/p>\n<p>Vertragsabwicklung<\/p>\n<p>a) Verarbeitung<\/p>\n<p>Die vom Nutzer zum Zwecke eines Waren- oder Dienstleistungserwerbs angegebenen personenbezogenen Daten werden vom Anbieter zum Zwecke der Vertragsabwicklung verarbeitet. Die Angaben der Daten sind zum Vertragsschluss erforderlich; ohne die Bereitstellung der Daten ist der Vertragsschluss nicht m\u00f6glich. Rechtsgrundlage f\u00fcr die Verarbeitung ist Art. 6 Abs. 1 lit. b DSGVO. Nach vollst\u00e4ndiger Abwicklung des Vertrages werden die Daten des Nutzers mit R\u00fccksicht auf steuer- und handelsrechtliche Aufbewahrungsfristen gel\u00f6scht.<\/p>\n<p>b) Weitergabe<\/p>\n<p>Die personenbezogenen Daten des Nutzers werden im Rahmen der Vertragsabwicklung an einen zur Abwicklung des Waren- oder Dienstleistungserwerbs eingesetzten Dienstleister, an das mit der Lieferung beauftragte Transportunternehmen oder an den Finanzdienstleister weitergegeben, soweit dies zur Abwicklung, Lieferung oder Bezahlung der Ware erforderlich ist.<\/p>\n<p>Rechtsgrundlage f\u00fcr die Weitergabe der Daten ist hierbei Art. 6 Abs. 1 lit. b DSGVO.<\/p>\n<p>Hinweis zu PayPal:<\/p>\n<p>Im Falle der Auswahl des Zahlungsdienstleisters PayPal durch den Kunden, kann es bei bestimmten und ebenfalls vom Kunden ausgew\u00e4hlten Zahlungsarten zu Bonit\u00e4tsabfragen durch PayPal kommen. N\u00e4heres zu der Verarbeitung der personenbezogenen Daten des Kunden durch PayPal unter<\/p>\n<p>https:\/\/www.paypal.com\/de\/webapps\/mpp\/ua\/privacy-full .<\/p>\n<p>Kundenkonto<\/p>\n<p>Sollte der Nutzer sich zu einem Kundenkonto bei dem Anbieter registrieren, werden die im Zuge dieser Registrierung eingegebenen Daten (z.B. Name, Anschrift, E-Mail-Adresse) ausschlie\u00dflich f\u00fcr die Erf\u00fcllung eines Vertrages oder der Durchf\u00fchrung vorvertraglicher Ma\u00dfnahmen sowie zur generellen Verwaltung der Kundenbeziehung (z.B. Abruf bisheriger Bestellungen oder Merkzettelfunktion) erhoben und gespeichert. Mit der Registrierung werden zudem die IP-Adresse und das Datum sowie die Uhrzeit der Registrierung gespeichert. Eine Weitergabe an Dritte erfolgt nicht.<\/p>\n<p>Rechtsgrundlage ist bei Vorliegen einer Einwilligung des Nutzers Art. 6 Abs. 1 lit. a DSGVO. Im Rahmen des Registrierungsvorgangs wird ggf. die ausdr\u00fcckliche Einwilligung des Nutzers zur vorstehenden Verarbeitung eingeholt und auf diese Datenschutzerkl\u00e4rung verwiesen. Die so erhobenen Daten werden ausschlie\u00dflich f\u00fcr den vorgenannten Zweck verwendet. Eine Weitergabe an Dritte erfolgt nicht.<\/p>\n<p>Dient die Er\u00f6ffnung des Kundenkontos der Erf\u00fcllung eines Vertrages oder der Durchf\u00fchrung vorvertraglicher Ma\u00dfnahmen, so ist zus\u00e4tzliche Rechtsgrundlage Art. 6 Abs. 1 lit. b DSGVO.<\/p>\n<p>Eine erteilte Einwilligung f\u00fcr das Kundenkonto kann der Nutzer nach Art. 7 Abs. 3 DSGVO jederzeit durch eine Mitteilung an den Anbieter widerrufen. Die im Zusammenhang verarbeiteten Daten werden gel\u00f6scht, sobald ihre Verarbeitung nicht mehr erforderlich ist. Sind die Daten zur Erf\u00fcllung eines Vertrages oder zur Durchf\u00fchrung vorvertraglicher Ma\u00dfnahmen erforderlich, werden die Daten des Nutzers mit Ablauf der steuer- und handelsrechtlichen Aufbewahrungsfristen gel\u00f6scht.<\/p>\n<p>Kontaktanfragen<\/p>\n<p>Im Falle einer Kontaktaufnahme des Nutzers -per Kontaktformular oder E-Mail- mit dem Anbieter werden die bei dieser Gelegenheit eingegebenen personenbezogenen Daten des Nutzers zur Bearbeitung der Anfrage genutzt. Die Angaben der Daten sind zur Beantwortung der Anfrage erforderlich, ohne die Bereitstellung der Daten ist eine Beantwortung nicht bzw. nur eingeschr\u00e4nkt m\u00f6glich.<\/p>\n<p>Dient die Kontaktanfrage der Erf\u00fcllung eines Vertrages oder der Durchf\u00fchrung vorvertraglicher Ma\u00dfnahmen, so ist Rechtsgrundlage Art. 6 Abs. 1 lit. b DSGVO.<\/p>\n<p>Die Daten des Nutzers werden gel\u00f6scht, sofern die Anfrage des Nutzers abschlie\u00dfend beantwortet wurde und keine gesetzlichen Aufbewahrungspflichten, wie z.B. bei einer anschlie\u00dfenden Vertragsabwicklung, entgegenstehen.<\/p>\n<p>Rechtsgrundlage kann auch eine Einwilligung des Nutzers gem\u00e4\u00df Art. 6 Abs. 1 lit. a DSGVO. Im Rahmen des Kontaktformulars wird ggf. die Einwilligung des Nutzers zur vorstehenden Verarbeitung eingeholt und auf diese Datenschutzerkl\u00e4rung verwiesen.<\/p>\n<p>Eine erteilte Einwilligung f\u00fcr die Kontaktanfrage kann der Nutzer nach Art. 7 Abs. 3 DSGVO jederzeit durch eine Mitteilung an den Anbieter widerrufen. Die im Zusammenhang verarbeiteten Daten werden gel\u00f6scht, sobald ihre Verarbeitung nicht mehr erforderlich ist.<\/p>\n<p>Newsletter<\/p>\n<p>Sollte sich der Nutzer f\u00fcr den kostenlosen Newsletter des Anbieters anmelden, werden die in der Eingabemaske abgefragten Daten (E-Mail-Adresse und optional Name sowie Anschrift) an den Anbieter \u00fcbermittelt. Zudem werden die IP-Adresse und das Datum sowie die Uhrzeit der Anmeldung gespeichert. Im Rahmen des Anmeldevorgangs wird die Einwilligung des Nutzers eingeholt sowie die Inhalte konkret umschrieben. Gleichzeitig wird auf diese Datenschutzerkl\u00e4rung verwiesen. Die so erhobenen Daten werden ausschlie\u00dflich f\u00fcr den Bezug des Newsletters verwendet. Eine Weitergabe an Dritte erfolgt nicht.<\/p>\n<p>Rechtsgrundlage ist Art. 6 Abs. 1 lit. a DSGVO. Die Einwilligung hierzu kann der Nutzer nach Art. 7 Abs. 3 DSGVO jederzeit durch eine Mitteilung an den Anbieter oder den im Newsletter enthaltenen Abmeldelink f\u00fcr die Zukunft widerrufen.<\/p>\n<p>Beitr\u00e4ge\/ Bewertungen<\/p>\n<p>\u00dcber die Bewertungs- bzw. Kommentarfunktion (Beitr\u00e4ge) der Website hat der Nutzer die M\u00f6glichkeit seine Fragen, Antworten oder Meinungen auf der Website zu ver\u00f6ffentlichen. Hierbei wird der Beitrag, der Zeitpunkt der Einreichung des Beitrages und der von dem Nutzer angegebene \u201eName\u201c bzw.\u00a0 \u201ePseudonym\u201c vom Anbieter verarbeitet und ver\u00f6ffentlicht.<\/p>\n<p>Rechtsgrundlage ist Art. 6 Abs. 1 lit. a. DSGVO. Die Einwilligung hierzu kann der Nutzer nach Art. 7 Abs. 3 DSGVO jederzeit durch eine Mitteilung an den Anbieter f\u00fcr die Zukunft widerrufen.<\/p>\n<p>Zudem wird auch die IP-Adresse und die E-Mail-Adresse des Nutzers vom Anbieter verarbeitet. Die Verarbeitung der IP-Adresse erfolgt aufgrund des berechtigten Interesses des Anbieters f\u00fcr den Fall, dass von dem Beitrag des Nutzers in die Rechte Dritter eingegriffen wird und\/oder widerrechtliche Inhalte abgesetzt werden.<\/p>\n<p>Rechtsgrundlage ist hierbei Art. 6 Abs. 1 lit. f DSGVO. Das berechtigte Interesse des Anbieters besteht an der ggf. notwendigen Rechtsverteidigung.<\/p>\n<p>Google Fonts<\/p>\n<p>Zur Darstellung der Schrift auf der Website setzt der Anbieter externe Schriftarten in Form von \u201eGoogle Fonts\u201c, einem Dienst der Google LLC, 1600 Amphitheatre Parkway, Mountain View, CA 94043 USA, nachfolgend \u201eGoogle\u201c, ein.<\/p>\n<p>Google ist nach dem \u201eEU-US Privacy Shield\u201c zertifiziert und garantiert dadurch die Einhaltung der Datenschutzvorgaben der EU bei der Verarbeitung der Daten in den USA.<\/p>\n<p>https:\/\/www.privacyshield.gov\/participant?id=a2zt000000001L5AAI&#038;status=Active<\/p>\n<p>Bei dem Aufruf der Website des Anbieters wird eine Verbindung zum Google-Server in den USA aufgebaut, um die Darstellung der Schrift zu erm\u00f6glichen bzw. diese zu aktualisieren.<\/p>\n<p>Rechtsgrundlage ist hierbei Art. 6 Abs. 1 lit. f DSGVO. Das berechtigte Interesse des Anbieters besteht an der Optimierung und dem wirtschaftlichen Betrieb der Website.<\/p>\n<p>Durch die Verbindung kann Google erkennen, von welcher Website eine Anfrage gesendet wird und an welche IP-Adresse die Darstellung der Schrift \u00fcbermittelt wird.<\/p>\n<p>Weitergehende Informationen, insbesondere zu den M\u00f6glichkeiten der Unterbindung der Datennutzung, bietet Google unter den nachfolgenden Links an:<\/p>\n<p>https:\/\/policies.google.com\/privacy<br \/>\nhttps:\/\/adssettings.google.com\/authenticated.<\/p>\n<p>Facebook Social Plugin<br \/>\nAuf dieser Website wird das Plugin des sozialen Netzwerkes facebook.com verwendet. Facebook ist ein Service der facebook Inc., 1601 S. California Ave, Palo Alto, CA 94304, USA, und wird innerhalb der EU von der Facebook Ireland Limited, 4 Grand Canal Square, Dublin 2, Irland, nachfolgend beide \u201efacebook\u201c, betrieben.<br \/>\nfacebook ist nach dem \u201eEU-US Privacy Shield\u201c zertifiziert und garantiert dadurch die Einhaltung der Datenschutzvorgaben der EU bei der Verarbeitung der Daten in den USA.<\/p>\n<p>https:\/\/www.privacyshield.gov\/participant?id=a2zt0000000GnywAAC&#038;status=Active<\/p>\n<p>Rechtsgrundlage ist hierbei Art. 6 Abs. 1 lit. f DSGVO. Das berechtigte Interesse des Anbieters besteht an der Nutzungsqualit\u00e4t der Website.<br \/>\nDie m\u00f6glichen facebook-Plugins und deren Funktionen k\u00f6nnen nachfolgend eingesehen werden:<br \/>\nhttps:\/\/developers.facebook.com\/docs\/plugins\/<br \/>\nBei jedem einzelnen Abruf der Website, die mit einem solchen Plugin ausgestattet ist, veranlasst dieses Plugin, dass der von dem Nutzer verwendete Browser eine entsprechende Darstellung des Plugins von facebook in den USA herunterl\u00e4dt. Hierbei ist es technisch notwendig, dass facebook die IP-Adresse des Nutzers verarbeitet, daneben wird auch das Datum, die Uhrzeit und die vom Nutzer besuchte Seite erfasst.<br \/>\nRuft der Nutzer die Website des Anbieters auf, w\u00e4hrenddessen er bei facebook eingeloggt ist, erkennt facebook durch die von dem Plugin gesammelten Informationen den konkreten Besuch des Nutzers und ordnet diese Informationen gegebenenfalls dem pers\u00f6nlichen Account des Nutzers bei facebook zu.<br \/>\nInteragiert der Nutzer z.B. \u00fcber den facebook \u201eGef\u00e4llt mir\u201c-Button, werden diese Informationen in dem pers\u00f6nlichen Benutzerkonto des Nutzers bei facebook gespeichert und ggf. ver\u00f6ffentlicht.<br \/>\nWill der Nutzer verhindern, dass facebook die gesammelten Informationen unmittelbar seinem Benutzerkonto zuordnet, muss sich der Nutzer entweder vor dem Besuch der Website bei facebook ausloggen oder durch den Einsatz eines \u201eAdd-ons\u201c das Laden der facebook-Plugins auf der Seite blockieren.<br \/>\nN\u00e4here Informationen zur Erhebung und Nutzung der Daten durch facebook sowie \u00fcber die diesbez\u00fcglichen Rechte und M\u00f6glichkeiten zum Schutz der Privatsph\u00e4re des Nutzers sind in den Datenschutzhinweisen von facebook enthalten:<br \/>\nhttps:\/\/www.facebook.com\/policy.php<\/p>\n","protected":false},"excerpt":{"rendered":"<p>Datenschutzerkl\u00e4rung: Wir verarbeiten personenbezogene Daten (nachfolgend \u201eDaten\u201c) der Nutzer nur, soweit dies zur Bereitstellung einer funktionsf\u00e4higen und komfortablen Website sowie unserer Inhalte und Leistungen erforderlich ist. Als \u201eVerarbeitung\u201c gilt die Erhebung, Nutzung, Weitergabe und\/oder Speicherung. Als \u201epersonenbezogene Daten\u201c gelten nach der Datenschutzgrundverordnung (nachfolgend \u201eDSGVO\u201c) grunds\u00e4tzlich alle Daten, mit denen eine nat\u00fcrliche Person identifiziert werden kann. Die genauen Definitionen der Begrifflichkeiten sind in Art. 4 DSGVO bestimmt. Nachstehende Ausf\u00fchrungen informieren Sie insbesondere \u00fcber die Art, den Umfang, den Zweck, die Dauer und die Rechtsgrundlage der Verarbeitung von personenbezogenen Daten \u00fcber dessen Zwecke und Mittel der Verarbeitung wir allein oder gemeinsam mit&#8230; <\/p>\n","protected":false},"author":2,"featured_media":0,"parent":0,"menu_order":5,"comment_status":"closed","ping_status":"closed","template":"","meta":{"footnotes":""},"class_list":["post-35","page","type-page","status-publish","hentry"],"_links":{"self":[{"href":"https:\/\/pfaff-handel.de\/index.php?rest_route=\/wp\/v2\/pages\/35","targetHints":{"allow":["GET"]}}],"collection":[{"href":"https:\/\/pfaff-handel.de\/index.php?rest_route=\/wp\/v2\/pages"}],"about":[{"href":"https:\/\/pfaff-handel.de\/index.php?rest_route=\/wp\/v2\/types\/page"}],"author":[{"embeddable":true,"href":"https:\/\/pfaff-handel.de\/index.php?rest_route=\/wp\/v2\/users\/2"}],"replies":[{"embeddable":true,"href":"https:\/\/pfaff-handel.de\/index.php?rest_route=%2Fwp%2Fv2%2Fcomments&post=35"}],"version-history":[{"count":6,"href":"https:\/\/pfaff-handel.de\/index.php?rest_route=\/wp\/v2\/pages\/35\/revisions"}],"predecessor-version":[{"id":1493,"href":"https:\/\/pfaff-handel.de\/index.php?rest_route=\/wp\/v2\/pages\/35\/revisions\/1493"}],"wp:attachment":[{"href":"https:\/\/pfaff-handel.de\/index.php?rest_route=%2Fwp%2Fv2%2Fmedia&parent=35"}],"curies":[{"name":"wp","href":"https:\/\/api.w.org\/{rel}","templated":true}]}}