{"id":38,"date":"2017-07-12T14:01:33","date_gmt":"2017-07-12T13:01:33","guid":{"rendered":"http:\/\/juno-stuttgart.de\/?page_id=38"},"modified":"2025-05-06T20:13:57","modified_gmt":"2025-05-06T18:13:57","slug":"agb","status":"publish","type":"page","link":"https:\/\/pfaff-handel.de\/?page_id=38","title":{"rendered":"AGB"},"content":{"rendered":"<p><span style=\"font-family: Arial; font-size: small;\">Hier die AGB`s<\/span><\/p>\n<p><span style=\"font-family: Arial; font-size: small;\"> A<br \/>\n<\/span><br \/>\n<span style=\"font-family: Arial, Verdana, Helvetica, sans-serif;\"><strong>&#8211; Alle vorherigen Preisangaben verlieren damit an G\u00fcltigkeit !<\/strong><\/span><\/p>\n<p>&#8211; Preisangaben in St\u00fcck, Meter bzw. Packungseinheit (PE).<br \/>\n<b><br \/>\n<\/b><strong> &#8211; Bestellte Ersatzteile werden nicht zur\u00fcckgenommen.<br \/>\n&#8211; Reklamation bitte immer schriftlich einreichen.<br \/>\n<\/strong><\/p>\n<div align=\"\"><\/div>\n<div align=\"left\"><\/div>\n<div align=\"\">\n<p>&#8211; F\u00fcr alle Ersatzteile \u00fcbernehme wir die Gew\u00e4hrleistung innerhalb von 6 Monaten.<\/p>\n<p>&#8211; Die Ware bleibt bis zur vollst\u00e4ndigen Bezahlung Eigentum des Verk\u00e4ufers.<\/p>\n<\/div>\n<div align=\"left\"><b><br \/>\n<\/b><strong> &#8211; Mindestbestellwert <u><\/u><\/strong><u>EURO 25,00 <\/u><strong> darunter <u><\/u><\/strong><u>EURO 5,00<\/u><strong> Mindestmengenzuschlag.<br \/>\n<\/strong><\/div>\n<div align=\"left\">&#8211; Die Preise verstehen sich nur f\u00fcr den Fachhandel rein als empfohlener Verkaufspreis in EURO zzgl. Versandkosten <u>zuz\u00fcglich der zurzeit geltenden gesetzlichen Mehrwertsteuer.<br \/>\n<\/u><\/div>\n<div align=\"left\"><\/div>\n<div align=\"left\"><u><strong>Wie wird Geliefert:<\/strong><br \/>\n<\/u><\/div>\n<div align=\"left\">Jede Bestellung wird <strong>grunds\u00e4tzlich per Vorkasse <\/strong>versendet.<\/div>\n<div align=\"left\"><\/div>\n<div align=\"left\">&#8211; Unabh\u00e4ngig von Preis und Menge, wird eine Transportpauschale von <u><strong>13,00 EURO<\/strong><\/u> bis max. 20 KG berechnet.<\/div>\n<div align=\"left\"><\/div>\n<div align=\"left\">&#8211; Die Ware wird durch die DEUTSCHE POST bzw. DHL oder eine Spedition geliefert:<\/div>\n<div align=\"left\"><\/div>\n<div align=\"left\">&#8211; in allen Teilen Deutschlands<\/div>\n<div align=\"left\"><\/div>\n<div align=\"left\">&#8211; Irrtum und Preis\u00e4nderungen vorbehalten!<\/div>\n<div align=\"left\"><\/div>\n<div align=\"left\">&#8211; Gerichtsstand: Backnang.<\/div>\n<div align=\"left\">\n<p>B<\/p>\n<p><strong><u>Lieferungs- und Zahlungsbedingungen<br \/>\n<\/u><\/strong><\/p>\n<p><u>1. Allgemeines<\/u><\/p>\n<p>S\u00e4mtliche Abschl\u00fcsse mit uns erfolgen unter Aufhebung aller abweichen-<br \/>\nden Bedingungen ausschlie\u00dflich zu den nachfolgenden Bestimmungen.<\/p>\n<p><u>2. Angebot<\/u><\/p>\n<p>Unsere Angebote sind freibleibend.<br \/>\nDie in den Angebotsunterlagen enthaltenen technischen Daten, Zeichnungen, Kostenvoranschl\u00e4ge<br \/>\nund Gewichtsangaben sind nur ungef\u00e4hr ma\u00dfgebend.<br \/>\n\u00c4nderungen in den Ma\u00df- und Gewichtsangaben in unseren Listen,<br \/>\nProspekten und Angebote bleiben ausdr\u00fccklich vorbehalten.<\/p>\n<p><u>3. Auftrag und Umfang der Lieferung<\/u><\/p>\n<p>a)Nur unsere schriftliche Auftragsbest\u00e4tigung ist ma\u00dfgebend.<\/p>\n<p><span style=\"font-family: Arial, Verdana, Helvetica, sans-serif;\">b)S\u00e4mtliche Auftr\u00e4ge gelten erst durch unsere schriftliche Best\u00e4tigung<\/span><\/p>\n<\/div>\n<div align=\"left\">\n<p><span style=\"font-family: Arial, Verdana, Helvetica, sans-serif;\"> als angenommen.<\/span><\/p>\n<p><span style=\"font-family: Arial, Verdana, Helvetica, sans-serif;\">c)Zeichnungen, Kostenvoranschl\u00e4ge und sonstige Unterlagen, die von<\/span><\/p>\n<\/div>\n<div align=\"left\"><span style=\"font-family: Arial, Verdana, Helvetica, sans-serif;\"><span style=\"font-family: Arial, Verdana, Helvetica, sans-serif;\"> uns hergestellt werden, bleiben unser Eigentum. Sie d\u00fcrfen Dritten<br \/>\nnicht zug\u00e4nglich gemacht werden.<\/span><\/span><span style=\"font-family: Arial, Verdana, Helvetica, sans-serif;\">d)Erteilte Auftr\u00e4ge k\u00f6nnen nur mit unserer Zustimmung annulliert werden.<\/span><\/div>\n<div align=\"left\"><strong><span style=\"font-family: Arial, Verdana, Helvetica, sans-serif;\"> Im Falle des R\u00fccktritts vom Auftrag zahlt der Besteller eine Verg\u00fctung<br \/>\nin H\u00f6he von 20 % des Auftragswertes + zu zahlende Vertreter<br \/>\n<\/span><\/strong><\/div>\n<div align=\"left\"><strong><span style=\"font-family: Arial, Verdana, Helvetica, sans-serif;\"><span style=\"font-family: Arial, Verdana, Helvetica, sans-serif;\"> Bei Sonderger\u00e4ten kann wahlweise vom Unternehmer Ersatz der<br \/>\nangefallenen Kosten (Material und Lohn) verlangt werden.<\/span><\/span>\u00a0<\/strong><\/div>\n<div align=\"left\"><span style=\"font-family: Arial, Verdana, Helvetica, sans-serif;\"> e)Die Geltendmachung eines h\u00f6heren Schadens auf Nachweis<br \/>\n<\/span><\/div>\n<div align=\"left\"><span style=\"font-family: Arial, Verdana, Helvetica, sans-serif;\"> bleibt vorbehalten.<br \/>\n<\/span><\/div>\n<div align=\"left\">\n<p><u>4. Lieferfrist<\/u><\/p>\n<p>a)Vereinbarte Lieferfristen beginnen erst nach rechtzeitigem Eingang<\/p>\n<\/div>\n<div align=\"left\"><span style=\"font-family: Arial, Verdana, Helvetica, sans-serif;\"> s\u00e4mtlicher vom Besteller zu liefernden Unterlagen, Kl\u00e4rung aller<br \/>\n<\/span><\/div>\n<div align=\"left\"><span style=\"font-family: Arial, Verdana, Helvetica, sans-serif;\"><span style=\"font-family: Arial, Verdana, Helvetica, sans-serif;\"> technischen Details, Einigung \u00fcber alle Bedingungen und Eingang<br \/>\nder vereinbarten Anzahlung.<\/span><\/span><\/div>\n<div align=\"left\">\n<p><span style=\"font-family: Arial, Verdana, Helvetica, sans-serif;\"> b)Teillieferungen sind \u00fcblich und zul\u00e4ssig.<\/span><\/p>\n<\/div>\n<div align=\"left\"><span style=\"font-family: Arial, Verdana, Helvetica, sans-serif;\"> c)Von der Einhaltung der vereinbarten Lieferfrist sind wir befreit, wenn<br \/>\nunvorhergesehene Ereignisse (z.B. Betriebsst\u00f6rungen, Streiks, schwie<br \/>\nMaterialbeschaffung von Rohstoffen und Brennstoffen, Aus<br \/>\n<\/span><\/div>\n<div align=\"left\"><span style=\"font-family: Arial, Verdana, Helvetica, sans-serif;\"> eines wichtigen Arbeitsst\u00fcckes usw.) eintreten. Von je Haftung f\u00fcr<br \/>\ndirekten und indirekten Schaden, der aus versp\u00e4teter Lieferung<br \/>\nentstehen k\u00f6nnte, sind wir befreit. Ebenso wird ein etwaiger Anspruch<br \/>\ndes Bestellers, bei \u00dcberschreiten der Lieferfrist vom Vertrag<br \/>\nzur\u00fcckzutreten bzw. festgelegte Zahlungsbedingungen zu \u00e4ndern,<br \/>\nab<br \/>\n<\/span><\/div>\n<div align=\"left\">\n<p><u>5. Preise und Zahlungsweise<\/u><\/p>\n<p><span style=\"font-family: Arial, Verdana, Helvetica, sans-serif;\">a)Die Preise sind freibleibend bis zum Tage der Lieferung.<\/span><span style=\"font-family: Arial, Verdana, Helvetica, sans-serif;\">Sollten sich die Preisnotierungen von Material oder Lohn ver\u00e4ndern, <\/span><span style=\"font-family: Arial, Verdana, Helvetica, sans-serif;\">behalten wir uns vor, die Preise unserer Angebote und <\/span><span style=\"font-family: Arial, Verdana, Helvetica, sans-serif;\">Auftragsbest\u00e4tigungen an die am Tage der Lieferung g\u00fcltigen <\/span><span style=\"font-family: Arial, Verdana, Helvetica, sans-serif;\">Verkaufspreise anzupassen. Sofern sich die Preise um mehr als 10 % <\/span><span style=\"font-family: Arial, Verdana, Helvetica, sans-serif;\">erh\u00f6hen, kann der K\u00e4ufer vom Kaufvertrag zur\u00fccktreten. <\/span><span style=\"font-family: Arial, Verdana, Helvetica, sans-serif;\">Kosten f\u00fcr Zoll geht zu Lasten des Bestellers.<\/span><\/p>\n<\/div>\n<div align=\"left\"><\/div>\n<div align=\"left\"><span style=\"font-family: Arial, Verdana, Helvetica, sans-serif;\">b)Bei Lieferung innerhalb der Bundesrepublik Deutschland sind die<br \/>\n<\/span><\/div>\n<div align=\"left\"><span style=\"font-family: Arial, Verdana, Helvetica, sans-serif;\"> Zahin bar frei unserer Zahlstelle, soweit nicht im Angebot bzw.<br \/>\nin der Auftragsbest\u00e4tigung eine andere Zahlungsweise vereinbart ist,<br \/>\nwie folgt zu leisten:<br \/>\n<\/span><\/div>\n<div align=\"left\"><span style=\"font-family: Arial, Verdana, Helvetica, sans-serif;\"> Reparatur-, Montage- und Ersatzteilrechnungen sind sofort<br \/>\n<\/span><\/div>\n<div align=\"left\"><span style=\"font-family: Arial, Verdana, Helvetica, sans-serif;\"> und ohne Skontoabzug zahlbar; aus Gr\u00fcnden der<br \/>\nKostenersparnis behalten wir uns vor, Rechnungsbetr\u00e4ge<br \/>\n<\/span><\/div>\n<div align=\"left\"><span style=\"font-family: Arial, Verdana, Helvetica, sans-serif;\"><span style=\"font-family: Arial, Verdana, Helvetica, sans-serif;\"> bis 25,00 Euro gegen Nachnahme zusammen mit der Sendung<br \/>\nbzw. einen Mindermengenzuschlag von 5,00 Euro, zu erheben.<\/span><\/span><\/div>\n<div align=\"left\"><span style=\"font-family: Arial, Verdana, Helvetica, sans-serif;\"> c)Bei Lieferung nach dem Ausland ist die Zahlung mittels<br \/>\n<\/span><\/div>\n<div align=\"left\"><span style=\"font-family: Arial, Verdana, Helvetica, sans-serif;\"><span style=\"font-family: Arial, Verdana, Helvetica, sans-serif;\"> unwiderruflichem Akkreditiv oder durch Barzahlung gegen<br \/>\nAush\u00e4ndigung der Verzu leisten.<\/span><\/span><\/div>\n<div align=\"left\"><span style=\"font-family: Arial, Verdana, Helvetica, sans-serif;\"> d)Zahlungseinbehalt und Aufrechnung mit nicht anerkannten<br \/>\n<\/span><\/div>\n<div align=\"left\"><span style=\"font-family: Arial, Verdana, Helvetica, sans-serif;\"> Gegen\u00fcchen ist unzul\u00e4ssig, ebenso die Abtretung an Dritte.<br \/>\n<\/span><\/div>\n<div align=\"left\"><span style=\"font-family: Arial, Verdana, Helvetica, sans-serif;\"> e)Bei Zahlungsverzug &#8211; 14 Tage nach Rechnungsdatum sind wir<br \/>\n<\/span><\/div>\n<div align=\"left\"><span style=\"font-family: Arial, Verdana, Helvetica, sans-serif;\"> ohne Inverzugsetzung berechtigt, Verzugszinsen in H\u00f6he von<br \/>\n<\/span><\/div>\n<div align=\"left\"><span style=\"font-family: Arial, Verdana, Helvetica, sans-serif;\"><span style=\"font-family: Arial, Verdana, Helvetica, sans-serif;\"> 10 % anzurechnen und den Besteller f\u00fcr jeden weiteren<br \/>\nVerzugsschaden haftbar zu machen.<\/span><\/span><\/div>\n<div align=\"left\"><span style=\"font-family: Arial, Verdana, Helvetica, sans-serif;\"> f)Die Nichteinhaltung unserer Zahlungsbedingungen,<br \/>\n<\/span><\/div>\n<div align=\"left\"><span style=\"font-family: Arial, Verdana, Helvetica, sans-serif;\"><span style=\"font-family: Arial, Verdana, Helvetica, sans-serif;\"> auch aus laufenden Gesch\u00e4ften, entbindet uns ohne weiteres<br \/>\nvon allen laufenden Ver\u00e4gen und berechtigt uns, auch s\u00e4mtliche<br \/>\nlaufenden Rechnungen in voller H\u00f6he einzuklagen sowie<br \/>\nSchadenersatz wegen Nichterf\u00fcllung vom Besteller zu verlangen.<\/span><\/span><\/div>\n<div align=\"left\"><span style=\"font-family: Arial, Verdana, Helvetica, sans-serif;\"> g)Beurteilt eine erst nach Auftragserteilung eingehende Auskunft<br \/>\n<\/span><\/div>\n<div align=\"left\"><span style=\"font-family: Arial, Verdana, Helvetica, sans-serif;\"> die Ver\u00f6genslage des Bestellers ung\u00fcnstig, so sind wir berechtigt,<br \/>\nvom Verzur\u00fcckzutreten.<br \/>\nDer Besteller verzichtet hiermit ausdr\u00fccklich auf die Vorlage<br \/>\n<\/span><\/div>\n<div align=\"left\"><span style=\"font-family: Arial, Verdana, Helvetica, sans-serif;\"><span style=\"font-family: Arial, Verdana, Helvetica, sans-serif;\"> uns vertraulich zugegangener Ausk\u00fcnfte und auf eventuelle<br \/>\nSchadenersatzanspr\u00fcche gegen den Auskunftserteiler.<\/span><\/span><\/div>\n<div align=\"left\"><span style=\"font-family: Arial, Verdana, Helvetica, sans-serif;\"> h)Zahlungen an Vertreter oder Angestellte sind nur rechtswirksam,<br \/>\n<\/span><\/div>\n<div align=\"left\">\n<p><span style=\"font-family: Arial, Verdana, Helvetica, sans-serif;\"> wenn diese sich durch eine schriftliche Inkassovollmacht ausweisen.<\/span><\/p>\n<\/div>\n<div align=\"left\"><span style=\"font-family: Arial, Verdana, Helvetica, sans-serif;\"> i)Bei uns unbekannten Bestellern haben wir das Recht, volle<br \/>\n<\/span><\/div>\n<div align=\"left\"><span style=\"font-family: Arial, Verdana, Helvetica, sans-serif;\"> Vorauszahlung oder Sicherheitsleistung zu verlangen.<br \/>\n<\/span><\/div>\n<div align=\"left\">\n<p><u>6. Versand<\/u><\/p>\n<p>a)Der Versand erfolgt per Nachnahme auf Rechnung und Gefahr des Bestellers.<\/p>\n<\/div>\n<div align=\"left\"><span style=\"font-family: Arial, Verdana, Helvetica, sans-serif;\"><span style=\"font-family: Arial, Verdana, Helvetica, sans-serif;\"> Falls der Besteller nicht besondere Versandvorschriften erteilt hat,<br \/>\nwird der Vernach bestem Ermessen ohne Verantwortung<br \/>\nf\u00fcr Vervorgenommen.<\/span><\/span><\/div>\n<div align=\"left\">\n<p><span style=\"font-family: Arial, Verdana, Helvetica, sans-serif;\"> b) Geb\u00fchren f\u00fcr etwaige Transportversicherung berechnen wir gesondert.<\/span><\/p>\n<p><u>7. Gefahr\u00fcbergang<\/u><\/p>\n<p>Die Gefahr geht sp\u00e4testens mit der Absendung der Lieferteile auf den<br \/>\nBesteller \u00fcber. Verz\u00f6gert sich die Absendung durch ein Verhalten des<br \/>\nBestellers, so geht die Gefahr mit der Mitteilung der Versandbereitschaft<br \/>\nauf den Besteller \u00fcber.<\/p>\n<p><u>8. Gew\u00e4hrleistung und M\u00e4ngelr\u00fcgen<\/u><\/p>\n<p>a)Wir haften f\u00fcr nicht sofort erkennbare M\u00e4ngel unserer Lieferungen<\/p>\n<\/div>\n<div align=\"left\"><span style=\"font-family: Arial, Verdana, Helvetica, sans-serif;\"><span style=\"font-family: Arial, Verdana, Helvetica, sans-serif;\"> innerhalb von zwei Jahren vom Tage des Gefahren\u00fcberganges im<br \/>\nUmder Abschnitte b) &#8211; g) unter der Voraussetzung,<br \/>\ndass bei der Aufdes Ger\u00e4tes unsere Einbauanweisung<br \/>\nund bei Betrieb unsere Bedienungsanweisung beachtet wurde.<\/span><\/span><\/div>\n<div align=\"left\"><span style=\"font-family: Arial, Verdana, Helvetica, sans-serif;\"> b)Die M\u00e4ngelr\u00fcge ist uns unverz\u00fcglich schriftlich anzuzeigen,<br \/>\n<\/span><\/div>\n<div align=\"left\">\n<p><span style=\"font-family: Arial, Verdana, Helvetica, sans-serif;\"> sie berechtigt nicht zur Zur\u00fcckhaltung von Rechnungsbetr\u00e4gen.<\/span><\/p>\n<\/div>\n<div align=\"left\"><span style=\"font-family: Arial, Verdana, Helvetica, sans-serif;\"> c)Als mangelhaft von uns anerkannte Teile werden<br \/>\n<\/span><\/div>\n<div align=\"left\"><span style=\"font-family: Arial, Verdana, Helvetica, sans-serif;\"><span style=\"font-family: Arial, Verdana, Helvetica, sans-serif;\"> zur\u00fcckgenommen und durch einwandfreie Teile ersetzt.<br \/>\nErsetzte Teile werden unser Eigentum und sind kostenlos<br \/>\nan uns zur\u00fcckzusenden.<\/span><\/span><\/div>\n<div align=\"left\"><span style=\"font-family: Arial, Verdana, Helvetica, sans-serif;\"> d)F\u00fcr Teile, die nicht von uns hergestellt werden, sondern<br \/>\n<\/span><\/div>\n<div align=\"left\"><span style=\"font-family: Arial, Verdana, Helvetica, sans-serif;\"><span style=\"font-family: Arial, Verdana, Helvetica, sans-serif;\"> von Zulieferern bezogen sind, beschr\u00e4nkt sich unsere<br \/>\nGew\u00e4hrleistungspflicht auf 6 Monate.<\/span><\/span><\/div>\n<div align=\"left\"><strong><span style=\"font-family: Arial, Verdana, Helvetica, sans-serif;\"> e)Wir haften grunds\u00e4tzlich nicht f\u00fcr Ausf\u00e4lle, welche w\u00e4hrend<br \/>\n<\/span><\/strong><\/div>\n<div align=\"left\"><strong><span style=\"font-family: Arial, Verdana, Helvetica, sans-serif;\"><span style=\"font-family: Arial, Verdana, Helvetica, sans-serif;\"> der Reparatur entstehen.<br \/>\nDie durch den Aus- und Einbau entstehenden Arbeitsl\u00f6hne<br \/>\noder etwaige Nebenkosten gehen zu Lasten des Betreibers,<br \/>\nebenso evtl. Versandkosten.<br \/>\nEine Haftung f\u00fcr mittelbare Sch\u00e4den jeder Art, insbesondere<br \/>\nPersonenunf\u00e4lle, Sachsch\u00e4den und Betriebsst\u00f6rungen<br \/>\nwird ausdr\u00fccklich ausgeschlossen.<\/span><\/span>\u00a0<\/strong><\/div>\n<div align=\"left\"><span style=\"font-family: Arial, Verdana, Helvetica, sans-serif;\"> f)Der nat\u00fcrliche Verschlei\u00df von Teilen, die der Abnutzung<br \/>\n<\/span><\/div>\n<div align=\"left\"><span style=\"font-family: Arial, Verdana, Helvetica, sans-serif;\"> unterworfen sind, und Besch\u00e4digungen, die infolge fehlerhafter<br \/>\n<\/span><\/div>\n<div align=\"left\"><span style=\"font-family: Arial, Verdana, Helvetica, sans-serif;\"><span style=\"font-family: Arial, Verdana, Helvetica, sans-serif;\"> oder nachl\u00e4ssiger Behandlung, \u00fcberm\u00e4\u00dfiger Beanspruchung,<br \/>\nungeeigneter BetriebsmitWitterungs- und anderer Natureinfl\u00fcsse,<br \/>\nVerwendung schlechten oder ungeeignetem Speisewasser oder<br \/>\neines Wassers, das sch\u00e4dlich auf den Werkstoff wirkt, entstehen,<br \/>\nl\u00f6sen keine Gew\u00e4hrleistungsan\u00fcche aus. Ersatz von<br \/>\nThermoelementen, Feuerungsteilen, Wasser\u00e4sern,<br \/>\nGlimmlampen und Dichtungsmaterial f\u00e4llt nicht unter die<br \/>\nGew\u00e4hrleistung.<\/span><\/span><\/div>\n<div align=\"left\">\n<p><span style=\"font-family: Arial, Verdana, Helvetica, sans-serif;\"> g)Andere irgendwie geartete Schadensersatzanspr\u00fcche sind ausgeschlossen.<\/span><\/p>\n<\/div>\n<div align=\"left\"><span style=\"font-family: Arial, Verdana, Helvetica, sans-serif;\"> h)Angaben \u00fcber Heizkosten und Wirtschaftlichkeitsberechnungen<br \/>\n<\/span><\/div>\n<div align=\"left\"><span style=\"font-family: Arial, Verdana, Helvetica, sans-serif;\"> erfolgen nach bestem Ermessen, aber ohne jede Verbindlichkeit.<br \/>\n<\/span><\/div>\n<div align=\"left\">\n<p><u>9. R\u00fccktritt vom Vertrag<\/u><\/p>\n<p>a)Liegt Leistungsverzug im Sinne dieser Lieferbedingungen vor<\/p>\n<\/div>\n<div align=\"left\"><span style=\"font-family: Arial, Verdana, Helvetica, sans-serif;\"> und gew\u00e4hrt der Besteller eine angemessene Nachfrist mit der<br \/>\n<\/span><\/div>\n<div align=\"left\"><span style=\"font-family: Arial, Verdana, Helvetica, sans-serif;\"> ausdr\u00fccklichen Erkl\u00e4rung, nach Ablauf dieser Frist die<br \/>\nAnnahme der Leistung ab so ist der Besteller<br \/>\nzum R\u00fccktritt berechtigt, falls die Nachdurch unser<br \/>\nVerschulden nicht eingehalten wird.<br \/>\n<\/span><\/div>\n<div align=\"left\"><span style=\"font-family: Arial, Verdana, Helvetica, sans-serif;\"> Alle anderen Anspr\u00fcche des Bestellers sind ausgeschlossen,<br \/>\n<\/span><\/div>\n<div align=\"left\">\n<p><span style=\"font-family: Arial, Verdana, Helvetica, sans-serif;\"> insbesondere solche auf Schadenersatz.<\/span><\/p>\n<\/div>\n<div align=\"left\"><span style=\"font-family: Arial, Verdana, Helvetica, sans-serif;\"> b)Bei offensichtlichen Fehlkalkulationen sowie Schreib- und<br \/>\n<\/span><\/div>\n<div align=\"left\"><span style=\"font-family: Arial, Verdana, Helvetica, sans-serif;\"> \u00dcbertragungsfehlern haben wir das Recht, vom Vertrag<br \/>\nzur\u00fcckzutreten, ohne dass daraus Schadenersatzanspr\u00fcche<br \/>\nhergeleitet werden k\u00f6nnen. Das R\u00fccktrittsrecht besteht auch,<br \/>\nwenn auf Grund von Lohnerh\u00f6hung der<br \/>\nRohstoffpreise usw. uns die Vertragserf\u00fcllung wirtschaftlich<br \/>\nnicht zugemutet werden kann.<br \/>\n<\/span><\/div>\n<div align=\"left\">\n<p><u>10. Aufstellung<\/u><\/p>\n<p>F\u00fcr die Bereitstellung unserer Monteure zwecks Aufstellung<br \/>\nunserer Ger\u00e4te und Anlagen gelten neben etwaigen<br \/>\nSondervereinbarungen unsere festgelegten Montagebedingungen.<br \/>\nDie Montage ist nicht Bestandteil unserer Lieferung.<\/p>\n<p><u>11. Nebenabreden<\/u><\/p>\n<p>S\u00e4mtliche Nebenabreden bed\u00fcrfen zu ihrer Rechtswirksamkeit der Schriftform.<\/p>\n<p><u>12. Eigentumsvorbehalt<\/u><\/p>\n<p>Alle von uns gelieferten Gegenst\u00e4nde bleiben unser Eigentum,<br \/>\nbis der Besteller s\u00e4mtliche, aus der Gesch\u00e4ftsverbindung mit uns<br \/>\nentstandenen Verbindlichkeiten vollst\u00e4ndig abgedeckt hat,<br \/>\nbei wiederholter oder laufender Gesch\u00e4ftsverbindung bis zur<br \/>\nTilgung des Schlusssaldos.<br \/>\nDer Eigentumsvorbehalt erstreckt sich auch auf die durch Verarbeitung<br \/>\nentstehenden Fabrikate. Insoweit sind wir Hersteller und erwerben Eigentum,<br \/>\ndas vom Besteller verwahrt wird. Bei Verbindung oder Verarbeitung von<br \/>\nSachen, die im Vorbehaltseigentum stehen, werden wir Miteigent\u00fcmer<br \/>\nam neuen Gegenstand. Machen wir aufgrund unseres Vorbehaltseigentums<br \/>\nvon unserem Recht auf R\u00fccknahme der Ware Gebrauch, so liegt hiermit<br \/>\nkein R\u00fccktritt vom Vertrag vor. Werden die unter Eigentumsvorbehalt<br \/>\nge Waren oder die daraus hergestellten Gegenst\u00e4nde vom K\u00e4ufer<br \/>\nweiterver\u00e4u\u00dfert, weiterverarbeitet oder eingebaut, so tritt der K\u00e4ufer bis zur<br \/>\nv\u00f6lligen Tilgung aller Forderungen von <strong>PFAFF Gas-Technik <\/strong>aus<br \/>\nWarenlieferungen hiermit schon jetzt die ihm aus der ver\u00e4u\u00dferten oder der<br \/>\nverarbeiteten Ware oder des Einbaues entstehenden Forderungen<br \/>\nseinen Abnehmer oder einen Dritten mit allen Nebenabrechnungen in H\u00f6he des Wertes der Vorbehaltsware ab.<br \/>\nAuf unser Verlangen hat der Besteller den Liefergegenstand auf seine Kosten gegen Feuer, Wasser und sonstige Sch\u00e4den zu versichern. Vor vollst\u00e4ndiger Abdeckung s\u00e4mtlicher aus der Gesch\u00e4ftsverbindung entstandenen Verbindlichkeiten ist eine Verpf\u00e4ndung oder Sicherungs\u00fcbereignung des Liefergegenstandes unzul\u00e4ssig.<\/p>\n<p>Bei Herausgabe oder Wegnahme der unter Eigentumsgelieferten<br \/>\nGegenst\u00e4nde sind eventuelle Besch\u00e4digungen an Geb\u00e4uden nicht zu ersetzen.<\/p>\n<p><u>13. Bei Unwirksamkeit einer Bestimmung<\/u><\/p>\n<p>bleibt die G\u00fcltigkeit der \u00fcbrigen Bestimmungen erhalten.<br \/>\nAnstelle der unwirksamen Bestimmung gilt eine wirksame Formulierung<br \/>\nals vereinbart die dem wirtschaftlichen und rechtlichen Zweck der<br \/>\nurspr\u00fcnglichen Bestimmung m\u00f6glichst nahe kommt.<\/p>\n<p><u>14. Erf\u00fcllungsort und Gerichtsstand<\/u><\/p>\n<p>F\u00fcr alle aus dem Vertragsverh\u00e4ltnis sich ergebenden Streitigkeiten ist<br \/>\nBacknang alleiniger Erf\u00fcllungsort.<b><\/b><\/p>\n<\/div>\n","protected":false},"excerpt":{"rendered":"<p>Hier die AGB`s A &#8211; Alle vorherigen Preisangaben verlieren damit an G\u00fcltigkeit ! &#8211; Preisangaben in St\u00fcck, Meter bzw. Packungseinheit (PE). &#8211; Bestellte Ersatzteile werden nicht zur\u00fcckgenommen. &#8211; Reklamation bitte immer schriftlich einreichen. &#8211; F\u00fcr alle Ersatzteile \u00fcbernehme wir die Gew\u00e4hrleistung innerhalb von 6 Monaten. &#8211; Die Ware bleibt bis zur vollst\u00e4ndigen Bezahlung Eigentum des Verk\u00e4ufers. &#8211; Mindestbestellwert EURO 25,00 darunter EURO 5,00 Mindestmengenzuschlag. &#8211; Die Preise verstehen sich nur f\u00fcr den Fachhandel rein als empfohlener Verkaufspreis in EURO zzgl. Versandkosten zuz\u00fcglich der zurzeit geltenden gesetzlichen Mehrwertsteuer. Wie wird Geliefert: Jede Bestellung wird grunds\u00e4tzlich per Vorkasse versendet. &#8211; Unabh\u00e4ngig von&#8230; <\/p>\n","protected":false},"author":2,"featured_media":0,"parent":0,"menu_order":6,"comment_status":"closed","ping_status":"closed","template":"","meta":{"footnotes":""},"class_list":["post-38","page","type-page","status-publish","hentry"],"_links":{"self":[{"href":"https:\/\/pfaff-handel.de\/index.php?rest_route=\/wp\/v2\/pages\/38","targetHints":{"allow":["GET"]}}],"collection":[{"href":"https:\/\/pfaff-handel.de\/index.php?rest_route=\/wp\/v2\/pages"}],"about":[{"href":"https:\/\/pfaff-handel.de\/index.php?rest_route=\/wp\/v2\/types\/page"}],"author":[{"embeddable":true,"href":"https:\/\/pfaff-handel.de\/index.php?rest_route=\/wp\/v2\/users\/2"}],"replies":[{"embeddable":true,"href":"https:\/\/pfaff-handel.de\/index.php?rest_route=%2Fwp%2Fv2%2Fcomments&post=38"}],"version-history":[{"count":5,"href":"https:\/\/pfaff-handel.de\/index.php?rest_route=\/wp\/v2\/pages\/38\/revisions"}],"predecessor-version":[{"id":1490,"href":"https:\/\/pfaff-handel.de\/index.php?rest_route=\/wp\/v2\/pages\/38\/revisions\/1490"}],"wp:attachment":[{"href":"https:\/\/pfaff-handel.de\/index.php?rest_route=%2Fwp%2Fv2%2Fmedia&parent=38"}],"curies":[{"name":"wp","href":"https:\/\/api.w.org\/{rel}","templated":true}]}}