{"id":46,"date":"2017-07-12T14:04:15","date_gmt":"2017-07-12T13:04:15","guid":{"rendered":"http:\/\/juno-stuttgart.de\/?page_id=46"},"modified":"2025-04-25T11:41:35","modified_gmt":"2025-04-25T09:41:35","slug":"wir-ueber-uns","status":"publish","type":"page","link":"https:\/\/pfaff-handel.de\/?page_id=46","title":{"rendered":"Wir \u00fcber uns"},"content":{"rendered":"\n<p class=\"has-text-align-left has-black-color has-luminous-vivid-orange-background-color has-text-color has-background\" style=\"font-size:21px\">Seit 1999 f\u00fchren und bieten wir, f\u00fcr die SHK-Fachwelt, den<strong> ERSATZTEILVERKAUF <\/strong>sowie die <strong>technische Beratung<\/strong> f\u00fcr <strong>GASGER\u00c4TE<\/strong> an.<\/p>\n\n\n\n<p class=\"has-text-align-center has-black-color has-cyan-bluish-gray-background-color has-text-color has-background\">F\u00fcr die <strong>technische Beratung<\/strong> k\u00f6nnen Sie mich pers\u00f6nlich i.d.R. von <strong>Montag bis Freitag<\/strong> jeweils <strong>von 7:30 Uhr bis 9:00 Uhr<\/strong> telefonisch unter: <strong>07191-220630<\/strong> oder <strong>0711-812959<\/strong> erreichen. Au\u00dferhalb dieser Zeit bin ich im Au\u00dfendienst unterwegs.<\/p>\n\n\n\n<p class=\"has-text-align-center has-black-color has-luminous-vivid-amber-background-color has-text-color has-background\" style=\"font-size:18px\"><strong>Im Zeichen f\u00fcr Leistung, Qualit\u00e4t und Zuverl\u00e4ssigkeit.<\/strong><br>Inhaber: Florian Pfaff<\/p>\n","protected":false},"excerpt":{"rendered":"<p>Seit 1999 f\u00fchren und bieten wir, f\u00fcr die SHK-Fachwelt, den ERSATZTEILVERKAUF sowie die technische Beratung f\u00fcr GASGER\u00c4TE an. F\u00fcr die technische Beratung k\u00f6nnen Sie mich pers\u00f6nlich i.d.R. von Montag bis Freitag jeweils von 7:30 Uhr bis 9:00 Uhr telefonisch unter: 07191-220630 oder 0711-812959 erreichen. Au\u00dferhalb dieser Zeit bin ich im Au\u00dfendienst unterwegs. Im Zeichen f\u00fcr Leistung, Qualit\u00e4t und Zuverl\u00e4ssigkeit.Inhaber: Florian Pfaff<\/p>\n","protected":false},"author":2,"featured_media":0,"parent":16,"menu_order":1,"comment_status":"closed","ping_status":"closed","template":"","meta":{"footnotes":""},"class_list":["post-46","page","type-page","status-publish","hentry"],"_links":{"self":[{"href":"https:\/\/pfaff-handel.de\/index.php?rest_route=\/wp\/v2\/pages\/46","targetHints":{"allow":["GET"]}}],"collection":[{"href":"https:\/\/pfaff-handel.de\/index.php?rest_route=\/wp\/v2\/pages"}],"about":[{"href":"https:\/\/pfaff-handel.de\/index.php?rest_route=\/wp\/v2\/types\/page"}],"author":[{"embeddable":true,"href":"https:\/\/pfaff-handel.de\/index.php?rest_route=\/wp\/v2\/users\/2"}],"replies":[{"embeddable":true,"href":"https:\/\/pfaff-handel.de\/index.php?rest_route=%2Fwp%2Fv2%2Fcomments&post=46"}],"version-history":[{"count":28,"href":"https:\/\/pfaff-handel.de\/index.php?rest_route=\/wp\/v2\/pages\/46\/revisions"}],"predecessor-version":[{"id":1485,"href":"https:\/\/pfaff-handel.de\/index.php?rest_route=\/wp\/v2\/pages\/46\/revisions\/1485"}],"up":[{"embeddable":true,"href":"https:\/\/pfaff-handel.de\/index.php?rest_route=\/wp\/v2\/pages\/16"}],"wp:attachment":[{"href":"https:\/\/pfaff-handel.de\/index.php?rest_route=%2Fwp%2Fv2%2Fmedia&parent=46"}],"curies":[{"name":"wp","href":"https:\/\/api.w.org\/{rel}","templated":true}]}}