{"id":55,"date":"2017-07-12T14:06:33","date_gmt":"2017-07-12T13:06:33","guid":{"rendered":"http:\/\/juno-stuttgart.de\/?page_id=55"},"modified":"2025-05-06T20:07:24","modified_gmt":"2025-05-06T18:07:24","slug":"gasregelarmaturen","status":"publish","type":"page","link":"https:\/\/pfaff-handel.de\/?page_id=55","title":{"rendered":"Gasregelarmaturen"},"content":{"rendered":"<div class=\"wp-block-image\">\n<figure class=\"aligncenter size-full\"><img loading=\"lazy\" decoding=\"async\" width=\"554\" height=\"361\" src=\"https:\/\/pfaff-handel.de\/wp-content\/uploads\/2024\/09\/Gasregelarmatur-Reparatur-Alternative-2024AP.png\" alt=\"\" class=\"wp-image-1454\" srcset=\"https:\/\/pfaff-handel.de\/wp-content\/uploads\/2024\/09\/Gasregelarmatur-Reparatur-Alternative-2024AP.png 554w, https:\/\/pfaff-handel.de\/wp-content\/uploads\/2024\/09\/Gasregelarmatur-Reparatur-Alternative-2024AP-300x195.png 300w\" sizes=\"auto, (max-width: 554px) 100vw, 554px\" \/><\/figure>\n<\/div>\n\n\n<div class=\"wp-block-file aligncenter\"><a href=\"https:\/\/pfaff-handel.de\/wp-content\/uploads\/2020\/11\/Reparaturauftrag_GRA_20201019AP.pdf\">Reparaturauftrag_GRA_20201019AP<\/a><a href=\"https:\/\/pfaff-handel.de\/wp-content\/uploads\/2020\/11\/Reparaturauftrag_GRA_20201019AP.pdf\" class=\"wp-block-file__button wp-element-button\" download>Herunterladen<\/a><\/div>\n\n\n\n<figure class=\"wp-block-table\"><table><tbody><tr><td><a href=\"http:\/\/pfaff-handel.de\/page\/home\/pud_05\/bilder\/pud_01_big.jpg\"><\/a><\/td><td><strong>Haben Sie Probleme mit Gasregelarmaturen von:<\/strong> &nbsp; <br><br><strong><span class=\"has-inline-color has-vivid-red-color\">JUNKERS CR + DUNGS BM 751 + EUROSIT + MINISIT <\/span><\/strong><br><br>wir sind hierf\u00fcr spezialisiert und reparieren Ihre defekte Gasregelarmatur gerne! <br>Bitte beauftragen Sie (nach Bedarf) einen <strong>SHK-Fachbetrieb<\/strong>, der die Gasregelarmatur (GRA) fachgerecht demontiert.<br><br>Ihr SHK-Fachbetrieb muss die GRA selbst zu uns nach Backnang einsenden. <br><strong>Private Einsendungen nehmen wir nicht an! <br><\/strong><br>Hier in Backnang haben wir einen Reparatur und Pr\u00fcfstand. <br>Reparaturkosten f\u00fcr die GRA ca. 300 bis 600 Euro<br>Reparaturzeit ca. 2-4 Wochen nach Erhalt.<br><strong>Die R\u00fccklieferung ist nur per Vorauskasse m\u00f6glich. <\/strong><br><br>Wir bitten um Verst\u00e4ndnis, dass wir Ihren Auftrag erst durchf\u00fchren k\u00f6nnen, wenn im Voraus diverse Unterlagen wie folgt komplett an uns ausgeh\u00e4ndigt werden. <br><br><strong><span class=\"has-inline-color has-vivid-red-color\">1. Gewerbeanmeldung (Kopie per E-Mail reicht) <br>2. Handelsregisterauszug<br>3. Gasausweis von Ihrem Gasversorgungsunternehmen<br>2.Gesch\u00e4ftsdaten (Firmenbriefkopf) <br>3. Ansprechpartner Vor- u. Zuname u. Telefonnummer <br>4. Steuernummer <\/span><br><span class=\"has-inline-color has-vivid-red-color\">5. Schriftlicher Auftrag des SHK-Fachbetrieb mit Angabe bzw.      <br>    Beschreibung der St\u00f6rung<\/span> <\/strong><br> <strong><span class=\"has-inline-color has-vivid-red-color\">(Vorlage siehe oben oder unten bei Reparaturauftrag)<\/span><br><\/strong><br>Wir liefern ausschlie\u00dflich nur an SHK-Fachbetriebe bzw. SHK-Fachgro\u00dfhandel.<br><\/td><\/tr><\/tbody><\/table><\/figure>\n\n\n\n<p><strong>Produktgruppe Junkers Controls<\/strong> (ist nicht mehr lieferbar! Reparatur jedoch m\u00f6glich!)<\/p>\n\n\n\n<figure class=\"wp-block-gallery has-nested-images columns-default is-cropped wp-block-gallery-1 is-layout-flex wp-block-gallery-is-layout-flex\">\n<figure class=\"wp-block-image size-large\"><img loading=\"lazy\" decoding=\"async\" width=\"320\" height=\"240\" data-id=\"844\" src=\"https:\/\/pfaff-handel.de\/wp-content\/uploads\/2020\/11\/GRA-Junkers-CR-Pfaff-Backnang1.jpg\" alt=\"\" class=\"wp-image-844\" srcset=\"https:\/\/pfaff-handel.de\/wp-content\/uploads\/2020\/11\/GRA-Junkers-CR-Pfaff-Backnang1.jpg 320w, https:\/\/pfaff-handel.de\/wp-content\/uploads\/2020\/11\/GRA-Junkers-CR-Pfaff-Backnang1-300x225.jpg 300w\" sizes=\"auto, (max-width: 320px) 100vw, 320px\" \/><figcaption class=\"wp-element-caption\">Junkers CR &#8230;<\/figcaption><\/figure>\n\n\n\n<figure class=\"wp-block-image size-large\"><img loading=\"lazy\" decoding=\"async\" width=\"320\" height=\"240\" data-id=\"852\" src=\"https:\/\/pfaff-handel.de\/wp-content\/uploads\/2020\/11\/GRA-Junkers-CR-Pfaff-Backnang3-2.jpg\" alt=\"\" class=\"wp-image-852\" srcset=\"https:\/\/pfaff-handel.de\/wp-content\/uploads\/2020\/11\/GRA-Junkers-CR-Pfaff-Backnang3-2.jpg 320w, https:\/\/pfaff-handel.de\/wp-content\/uploads\/2020\/11\/GRA-Junkers-CR-Pfaff-Backnang3-2-300x225.jpg 300w\" sizes=\"auto, (max-width: 320px) 100vw, 320px\" \/><figcaption class=\"wp-element-caption\">Junkers CR &#8230;<\/figcaption><\/figure>\n\n\n\n<figure class=\"wp-block-image size-large\"><img loading=\"lazy\" decoding=\"async\" width=\"320\" height=\"240\" data-id=\"853\" src=\"https:\/\/pfaff-handel.de\/wp-content\/uploads\/2020\/11\/GRA-Junkers-CR-Pfaff-Backnang2-1.jpg\" alt=\"\" class=\"wp-image-853\" srcset=\"https:\/\/pfaff-handel.de\/wp-content\/uploads\/2020\/11\/GRA-Junkers-CR-Pfaff-Backnang2-1.jpg 320w, https:\/\/pfaff-handel.de\/wp-content\/uploads\/2020\/11\/GRA-Junkers-CR-Pfaff-Backnang2-1-300x225.jpg 300w\" sizes=\"auto, (max-width: 320px) 100vw, 320px\" \/><figcaption class=\"wp-element-caption\">Junkers CR &#8230;<\/figcaption><\/figure>\n<\/figure>\n\n\n\n<p><strong>Produktgruppe DUNGS BM 751 &#8230;<\/strong> (ist nicht mehr lieferbar! Reparatur jedoch m\u00f6glich!)<\/p>\n\n\n\n<figure class=\"wp-block-gallery has-nested-images columns-default is-cropped wp-block-gallery-2 is-layout-flex wp-block-gallery-is-layout-flex\">\n<figure class=\"wp-block-image size-large\"><img loading=\"lazy\" decoding=\"async\" width=\"320\" height=\"240\" data-id=\"854\" src=\"https:\/\/pfaff-handel.de\/wp-content\/uploads\/2020\/11\/GRA-Dungs-BM751-Pfaff-Backnang1-1.jpg\" alt=\"\" class=\"wp-image-854\" srcset=\"https:\/\/pfaff-handel.de\/wp-content\/uploads\/2020\/11\/GRA-Dungs-BM751-Pfaff-Backnang1-1.jpg 320w, https:\/\/pfaff-handel.de\/wp-content\/uploads\/2020\/11\/GRA-Dungs-BM751-Pfaff-Backnang1-1-300x225.jpg 300w\" sizes=\"auto, (max-width: 320px) 100vw, 320px\" \/><figcaption class=\"wp-element-caption\">DUNGS BM 751 &#8230;<\/figcaption><\/figure>\n<\/figure>\n\n\n\n<p><strong>Produktgruppe SIT<\/strong> <strong>EUROSIT + MINISIT <\/strong>(ist weiterhin, neu lieferbar!)<\/p>\n\n\n\n<figure class=\"wp-block-gallery has-nested-images columns-default is-cropped wp-block-gallery-3 is-layout-flex wp-block-gallery-is-layout-flex\">\n<figure class=\"wp-block-image size-large\"><img loading=\"lazy\" decoding=\"async\" width=\"320\" height=\"240\" data-id=\"855\" src=\"https:\/\/pfaff-handel.de\/wp-content\/uploads\/2020\/11\/GRA-Eurosti-0630064-mit-Fernbedienung-Pfaff-Backnang-1.jpg\" alt=\"\" class=\"wp-image-855\" srcset=\"https:\/\/pfaff-handel.de\/wp-content\/uploads\/2020\/11\/GRA-Eurosti-0630064-mit-Fernbedienung-Pfaff-Backnang-1.jpg 320w, https:\/\/pfaff-handel.de\/wp-content\/uploads\/2020\/11\/GRA-Eurosti-0630064-mit-Fernbedienung-Pfaff-Backnang-1-300x225.jpg 300w\" sizes=\"auto, (max-width: 320px) 100vw, 320px\" \/><figcaption class=\"wp-element-caption\">SIT EUROSIT 0630 &#8230;<\/figcaption><\/figure>\n\n\n\n<figure class=\"wp-block-image size-large\"><img loading=\"lazy\" decoding=\"async\" width=\"320\" height=\"240\" data-id=\"856\" src=\"https:\/\/pfaff-handel.de\/wp-content\/uploads\/2020\/11\/GRA-Eurosti-0630064-mit-Piezozuender-Pfaff-Backnang-1.jpg\" alt=\"\" class=\"wp-image-856\" srcset=\"https:\/\/pfaff-handel.de\/wp-content\/uploads\/2020\/11\/GRA-Eurosti-0630064-mit-Piezozuender-Pfaff-Backnang-1.jpg 320w, https:\/\/pfaff-handel.de\/wp-content\/uploads\/2020\/11\/GRA-Eurosti-0630064-mit-Piezozuender-Pfaff-Backnang-1-300x225.jpg 300w\" sizes=\"auto, (max-width: 320px) 100vw, 320px\" \/><figcaption class=\"wp-element-caption\">SIT EUROSIT 0630 &#8230;<\/figcaption><\/figure>\n\n\n\n<figure class=\"wp-block-image size-large\"><img loading=\"lazy\" decoding=\"async\" width=\"607\" height=\"444\" data-id=\"857\" src=\"https:\/\/pfaff-handel.de\/wp-content\/uploads\/2020\/11\/GRA-Minisit-0710-Pfaff-Backnang-1.jpg\" alt=\"\" class=\"wp-image-857\" srcset=\"https:\/\/pfaff-handel.de\/wp-content\/uploads\/2020\/11\/GRA-Minisit-0710-Pfaff-Backnang-1.jpg 607w, https:\/\/pfaff-handel.de\/wp-content\/uploads\/2020\/11\/GRA-Minisit-0710-Pfaff-Backnang-1-300x219.jpg 300w\" sizes=\"auto, (max-width: 607px) 100vw, 607px\" \/><figcaption class=\"wp-element-caption\">SIT MINISIT 0710 &#8230;<\/figcaption><\/figure>\n<\/figure>\n\n\n\n<figure class=\"wp-block-pullquote has-border-color has-vivid-red-color has-text-color\" style=\"border-color:#cf2e2e\"><blockquote><p><strong>Hinweis! <\/strong><br><strong>Wir reparieren und liefern nur <\/strong><br><strong>rein mechanische (keine elektrischen) GASREGELARMATUREN <\/strong><br><strong>und nur an SHK- Fachbetriebe <\/strong><br><strong>und SHK-Fachgro\u00dfhandel!<\/strong><\/p><\/blockquote><\/figure>\n\n\n<div class=\"wp-block-image\">\n<figure class=\"aligncenter size-full\"><img loading=\"lazy\" decoding=\"async\" width=\"527\" height=\"696\" src=\"https:\/\/pfaff-handel.de\/wp-content\/uploads\/2024\/09\/Hinweis-Pfaff-Handel-2024AP.png\" alt=\"\" class=\"wp-image-1457\" srcset=\"https:\/\/pfaff-handel.de\/wp-content\/uploads\/2024\/09\/Hinweis-Pfaff-Handel-2024AP.png 527w, https:\/\/pfaff-handel.de\/wp-content\/uploads\/2024\/09\/Hinweis-Pfaff-Handel-2024AP-227x300.png 227w\" sizes=\"auto, (max-width: 527px) 100vw, 527px\" \/><\/figure>\n<\/div>\n\n\n<div class=\"wp-block-file aligncenter\"><a href=\"https:\/\/pfaff-handel.de\/wp-content\/uploads\/2020\/11\/Reparaturauftrag_GRA_20201019AP-1.pdf\">Reparaturauftrag_GRA_20201019AP<\/a><a href=\"https:\/\/pfaff-handel.de\/wp-content\/uploads\/2020\/11\/Reparaturauftrag_GRA_20201019AP-1.pdf\" class=\"wp-block-file__button wp-element-button\" download>Herunterladen<\/a><\/div>\n\n\n\n<p><\/p>\n\n\n<div class=\"wp-block-image\">\n<figure class=\"aligncenter size-full\"><img loading=\"lazy\" decoding=\"async\" width=\"1328\" height=\"504\" src=\"https:\/\/pfaff-handel.de\/wp-content\/uploads\/2021\/01\/0_Logo3_Handel_Pfaff_Backnang-1.jpg\" alt=\"\" class=\"wp-image-1010\" srcset=\"https:\/\/pfaff-handel.de\/wp-content\/uploads\/2021\/01\/0_Logo3_Handel_Pfaff_Backnang-1.jpg 1328w, https:\/\/pfaff-handel.de\/wp-content\/uploads\/2021\/01\/0_Logo3_Handel_Pfaff_Backnang-1-300x114.jpg 300w, https:\/\/pfaff-handel.de\/wp-content\/uploads\/2021\/01\/0_Logo3_Handel_Pfaff_Backnang-1-1024x389.jpg 1024w, https:\/\/pfaff-handel.de\/wp-content\/uploads\/2021\/01\/0_Logo3_Handel_Pfaff_Backnang-1-768x291.jpg 768w\" sizes=\"auto, (max-width: 1328px) 100vw, 1328px\" \/><\/figure>\n<\/div>\n\n\n<p class=\"has-text-align-center has-luminous-vivid-amber-background-color has-background\"><strong>Hinweis: Stuttgarter Adresse, existiert wegen Fachkr\u00e4ftemangel, nicht mehr!<\/strong><\/p>\n\n\n\n<p><\/p>\n","protected":false},"excerpt":{"rendered":"<p>Haben Sie Probleme mit Gasregelarmaturen von: &nbsp; JUNKERS CR + DUNGS BM 751 + EUROSIT + MINISIT wir sind hierf\u00fcr spezialisiert und reparieren Ihre defekte Gasregelarmatur gerne! Bitte beauftragen Sie (nach Bedarf) einen SHK-Fachbetrieb, der die Gasregelarmatur (GRA) fachgerecht demontiert. Ihr SHK-Fachbetrieb muss die GRA selbst zu uns nach Backnang einsenden. Private Einsendungen nehmen wir nicht an! Hier in Backnang haben wir einen Reparatur und Pr\u00fcfstand. Reparaturkosten f\u00fcr die GRA ca. 300 bis 600 EuroReparaturzeit ca. 2-4 Wochen nach Erhalt.Die R\u00fccklieferung ist nur per Vorauskasse m\u00f6glich. Wir bitten um Verst\u00e4ndnis, dass wir Ihren Auftrag erst durchf\u00fchren k\u00f6nnen, wenn im Voraus&#8230; <\/p>\n","protected":false},"author":2,"featured_media":0,"parent":16,"menu_order":6,"comment_status":"closed","ping_status":"closed","template":"","meta":{"footnotes":""},"class_list":["post-55","page","type-page","status-publish","hentry"],"_links":{"self":[{"href":"https:\/\/pfaff-handel.de\/index.php?rest_route=\/wp\/v2\/pages\/55","targetHints":{"allow":["GET"]}}],"collection":[{"href":"https:\/\/pfaff-handel.de\/index.php?rest_route=\/wp\/v2\/pages"}],"about":[{"href":"https:\/\/pfaff-handel.de\/index.php?rest_route=\/wp\/v2\/types\/page"}],"author":[{"embeddable":true,"href":"https:\/\/pfaff-handel.de\/index.php?rest_route=\/wp\/v2\/users\/2"}],"replies":[{"embeddable":true,"href":"https:\/\/pfaff-handel.de\/index.php?rest_route=%2Fwp%2Fv2%2Fcomments&post=55"}],"version-history":[{"count":20,"href":"https:\/\/pfaff-handel.de\/index.php?rest_route=\/wp\/v2\/pages\/55\/revisions"}],"predecessor-version":[{"id":1489,"href":"https:\/\/pfaff-handel.de\/index.php?rest_route=\/wp\/v2\/pages\/55\/revisions\/1489"}],"up":[{"embeddable":true,"href":"https:\/\/pfaff-handel.de\/index.php?rest_route=\/wp\/v2\/pages\/16"}],"wp:attachment":[{"href":"https:\/\/pfaff-handel.de\/index.php?rest_route=%2Fwp%2Fv2%2Fmedia&parent=55"}],"curies":[{"name":"wp","href":"https:\/\/api.w.org\/{rel}","templated":true}]}}