{"id":61,"date":"2017-07-12T14:07:59","date_gmt":"2017-07-12T13:07:59","guid":{"rendered":"http:\/\/juno-stuttgart.de\/?page_id=61"},"modified":"2021-01-26T09:39:13","modified_gmt":"2021-01-26T07:39:13","slug":"gasgeraete-information","status":"publish","type":"page","link":"https:\/\/pfaff-handel.de\/?page_id=61","title":{"rendered":"Gasger\u00e4te Information"},"content":{"rendered":"\n<blockquote class=\"wp-block-quote is-layout-flow wp-block-quote-is-layout-flow\"><p><strong>Gasger\u00e4te<\/strong><\/p><p>Die Gasger\u00e4te gewinnen heute wieder mehr an Bedeutung. <\/p><p>Diese Ger\u00e4te gibt es schon aus alten Zeiten und sie werden zum Kochen aber auch zum Heizen verwendet. Die Verbraucherpreise steigen und gerade Strom wird immer teurer, so dass sich mit Gasger\u00e4ten eine gute Alternative bietet. Das Gas ist preiswerter und die Gaspreise sind schon \u00fcber einen l\u00e4ngeren Zeitraum hinweg stabil. So k\u00f6nnen Sie, wenn Sie von Strom auf Gas umsteigen Ihre Kosten senken. <\/p><p>Ein weiterer Vorteil der Gasger\u00e4te ist die Unabh\u00e4ngigkeit vom Strom. F\u00e4llt der Strom aus, so k\u00f6nnen Sie trotzdem die Gasger\u00e4te nutzen. <\/p><p>Die Gasger\u00e4te ben\u00f6tigen eine Gaszuleitung und es wird eine kleine Flamme entz\u00fcndet, die zum Kochen oder Heizen verwendet werden kann.<\/p><p><strong>Regelm\u00e4\u00dfige Inspektion &amp; Wartung<\/strong><\/p><p>Damit die Gasger\u00e4te einwandfrei funktionieren, m\u00fcssen regelm\u00e4\u00dfige Inspektions &amp; Wartungsarbeiten (alle 12 Monate) durchgef\u00fchrt werden. <\/p><p>Bevor Sie eine Gasleitung in Betrieb nehmen, ist eine Abnahme (Gebrauchf\u00e4higkeitspr\u00fcfung) laut TRGI 2018 von einer anerkannten und zugelassenen SHK-Fachfirma erforderlich. <\/p><p>ACHTUNG! Ihr Versicherungsschutz erlischt sofort, wenn 12 Monate \u00fcberschritten werden.<\/p><p><strong>Sicherheitsvorkehrungen<\/strong><\/p><p>Beim Aufstellen der Gasger\u00e4te m\u00fcssen Sie einige Dinge beachten. <\/p><p>Auch die Gasger\u00e4te ben\u00f6tigen Luft zum Atmen und frischen Sauerstoff f\u00fcr die Verbrennung. So soll der Raum, in dem die Gasger\u00e4te aufgestellt sind, ausreichend mit frischer Luft versorgt werden. <\/p><p>Zus\u00e4tzlich k\u00f6nnen Sie eine Abluft-Dunstabzugshaube \u00fcber das Gasger\u00e4t anbringen, so dass es den Ger\u00e4ten an nichts mangelt. Die Gasger\u00e4te besitzen eine ausgefeilte Technik, aber bei jedem Dauerbetrieb macht sich auch ein Verschlei\u00df bemerkbar. <\/p><p>Wenn Sie regelm\u00e4\u00dfig Ihr Gasger\u00e4t reinigen und j\u00e4hrlich eine Inspektion von einer Fachfirma durchf\u00fchren lassen, so haben die Gasger\u00e4te eine lange Lebensdauer.<\/p><p><strong>Kein unn\u00f6tiges Risiko eingehen!<\/strong><\/p><p>Eine Wartung Ihres Gasger\u00e4tes ist erforderlich, wenn die Flamme mehr gelb brennt als blau. Hat Ihr Gasger\u00e4t auff\u00e4llige Spuren von Verru\u00dfungen und Verschmutzungen, dann sollten Sie eine Fachfirma beauftragen und diese wird dann die Verschlei\u00dfteile austauschen. <\/p><p>Auch wird das Gasger\u00e4t gr\u00fcndlich gereinigt und so funktioniert es anschlie\u00dfend weiterhin effizient und zuverl\u00e4ssig.<\/p><\/blockquote>\n\n\n\n<div class=\"wp-block-image\"><figure class=\"aligncenter size-large\"><img loading=\"lazy\" decoding=\"async\" width=\"300\" height=\"209\" src=\"https:\/\/pfaff-handel.de\/wp-content\/uploads\/2020\/11\/GRH-Seppelfricke-Pfaff-Backnang.jpg\" alt=\"\" class=\"wp-image-864\"\/><\/figure><\/div>\n\n\n\n<blockquote class=\"wp-block-quote is-layout-flow wp-block-quote-is-layout-flow\"><p><strong>Gas &#8211; Raumheizer<\/strong><\/p><p>Gasraumheizer sind eine preisg\u00fcnstige Alternative, wenn nur einzelne R\u00e4ume beheizt werden sollen. <\/p><p>Auch f\u00fcr Wochenend- und Ferienh\u00e4user, Bauwagen, Container und Werkst\u00e4tten sind sie ideal geeignet. <\/p><p>Eine thermostatische, modulierende Regelung ist hierbei selbstverst\u00e4ndlich. Die Ger\u00e4te sind in den verschiedensten Verkleidungen- passend zum jeweiligen Wohnstil- erh\u00e4ltlich.<\/p><p>Vorteile:<\/p><p>sehr schnelles Aufheizen<\/p><p>f\u00fcr R\u00e4ume von ca. 3 bis \u00fcber 80m\u00b2 geeignet<\/p><p>kein Einfrieren von Heizungswasser bei Defekten m\u00f6glich<\/p><p>teilweise auch ohne vorhandenen Schornsteinanschluss anwendbar ( Abgasf\u00fchrung \u00fcber die Au\u00dfenwand ).<\/p><\/blockquote>\n\n\n\n<p><\/p>\n\n\n\n<div class=\"wp-block-image\"><figure class=\"aligncenter size-full\"><img loading=\"lazy\" decoding=\"async\" width=\"1328\" height=\"504\" src=\"https:\/\/pfaff-handel.de\/wp-content\/uploads\/2021\/01\/0_Logo3_Handel_Pfaff_Backnang-2.jpg\" alt=\"\" class=\"wp-image-1012\" srcset=\"https:\/\/pfaff-handel.de\/wp-content\/uploads\/2021\/01\/0_Logo3_Handel_Pfaff_Backnang-2.jpg 1328w, https:\/\/pfaff-handel.de\/wp-content\/uploads\/2021\/01\/0_Logo3_Handel_Pfaff_Backnang-2-300x114.jpg 300w, https:\/\/pfaff-handel.de\/wp-content\/uploads\/2021\/01\/0_Logo3_Handel_Pfaff_Backnang-2-1024x389.jpg 1024w, https:\/\/pfaff-handel.de\/wp-content\/uploads\/2021\/01\/0_Logo3_Handel_Pfaff_Backnang-2-768x291.jpg 768w\" sizes=\"auto, (max-width: 1328px) 100vw, 1328px\" \/><\/figure><\/div>\n","protected":false},"excerpt":{"rendered":"<p>Gasger\u00e4te Die Gasger\u00e4te gewinnen heute wieder mehr an Bedeutung. Diese Ger\u00e4te gibt es schon aus alten Zeiten und sie werden zum Kochen aber auch zum Heizen verwendet. Die Verbraucherpreise steigen und gerade Strom wird immer teurer, so dass sich mit Gasger\u00e4ten eine gute Alternative bietet. Das Gas ist preiswerter und die Gaspreise sind schon \u00fcber einen l\u00e4ngeren Zeitraum hinweg stabil. So k\u00f6nnen Sie, wenn Sie von Strom auf Gas umsteigen Ihre Kosten senken. Ein weiterer Vorteil der Gasger\u00e4te ist die Unabh\u00e4ngigkeit vom Strom. F\u00e4llt der Strom aus, so k\u00f6nnen Sie trotzdem die Gasger\u00e4te nutzen. Die Gasger\u00e4te ben\u00f6tigen eine Gaszuleitung und&#8230; <\/p>\n","protected":false},"author":2,"featured_media":0,"parent":16,"menu_order":7,"comment_status":"closed","ping_status":"closed","template":"","meta":{"footnotes":""},"class_list":["post-61","page","type-page","status-publish","hentry"],"_links":{"self":[{"href":"https:\/\/pfaff-handel.de\/index.php?rest_route=\/wp\/v2\/pages\/61","targetHints":{"allow":["GET"]}}],"collection":[{"href":"https:\/\/pfaff-handel.de\/index.php?rest_route=\/wp\/v2\/pages"}],"about":[{"href":"https:\/\/pfaff-handel.de\/index.php?rest_route=\/wp\/v2\/types\/page"}],"author":[{"embeddable":true,"href":"https:\/\/pfaff-handel.de\/index.php?rest_route=\/wp\/v2\/users\/2"}],"replies":[{"embeddable":true,"href":"https:\/\/pfaff-handel.de\/index.php?rest_route=%2Fwp%2Fv2%2Fcomments&post=61"}],"version-history":[{"count":4,"href":"https:\/\/pfaff-handel.de\/index.php?rest_route=\/wp\/v2\/pages\/61\/revisions"}],"predecessor-version":[{"id":1013,"href":"https:\/\/pfaff-handel.de\/index.php?rest_route=\/wp\/v2\/pages\/61\/revisions\/1013"}],"up":[{"embeddable":true,"href":"https:\/\/pfaff-handel.de\/index.php?rest_route=\/wp\/v2\/pages\/16"}],"wp:attachment":[{"href":"https:\/\/pfaff-handel.de\/index.php?rest_route=%2Fwp%2Fv2%2Fmedia&parent=61"}],"curies":[{"name":"wp","href":"https:\/\/api.w.org\/{rel}","templated":true}]}}