{"id":65,"date":"2017-07-12T14:09:41","date_gmt":"2017-07-12T13:09:41","guid":{"rendered":"http:\/\/juno-stuttgart.de\/?page_id=65"},"modified":"2024-08-20T11:43:43","modified_gmt":"2024-08-20T09:43:43","slug":"junkers-controls","status":"publish","type":"page","link":"https:\/\/pfaff-handel.de\/?page_id=65","title":{"rendered":"JUNKERS CONTROLS CLASSIC"},"content":{"rendered":"\n<p><\/p>\n\n\n<div class=\"wp-block-image\">\n<figure class=\"aligncenter\"><img loading=\"lazy\" decoding=\"async\" width=\"324\" height=\"156\" src=\"https:\/\/pfaff-handel.de\/wp-content\/uploads\/2019\/04\/bosch-junkers.png\" alt=\"\" class=\"wp-image-245\" srcset=\"https:\/\/pfaff-handel.de\/wp-content\/uploads\/2019\/04\/bosch-junkers.png 324w, https:\/\/pfaff-handel.de\/wp-content\/uploads\/2019\/04\/bosch-junkers-300x144.png 300w\" sizes=\"auto, (max-width: 324px) 100vw, 324px\" \/><\/figure>\n<\/div>\n\n\n<p class=\"has-text-align-center has-luminous-vivid-amber-background-color has-background\"><strong>Wir f\u00fchren noch teilweise Ersatzteile f\u00fcr diverse<\/strong>&nbsp;Junkers-Controls Produkte<\/p>\n\n\n\n<p class=\"has-text-align-center has-pale-cyan-blue-background-color has-background\">Wir bieten Ihnen auch den&nbsp;<strong>vor Ort Kundendienst<\/strong>&nbsp;im Gro\u00dfraum&nbsp;<strong>STUTTGART&nbsp;<\/strong>an. (Max. 50 Km um den Hauptsitz Backnang)<\/p>\n\n\n\n<div data-wp-interactive=\"core\/file\" class=\"wp-block-file\"><object data-wp-bind--hidden=\"!state.hasPdfPreview\" hidden class=\"wp-block-file__embed\" data=\"https:\/\/pfaff-handel.de\/wp-content\/uploads\/2024\/08\/Ersatzteil-Preis-Liste-JUNKERS-CONTROLS-20240901AP.pdf\" type=\"application\/pdf\" style=\"width:100%;height:600px\" aria-label=\"Einbettung von Ersatzteil-Preis-Liste-JUNKERS-CONTROLS-20240901AP.\"><\/object><a id=\"wp-block-file--media-840c5005-838e-43c2-8815-a822379d8d13\" href=\"https:\/\/pfaff-handel.de\/wp-content\/uploads\/2024\/08\/Ersatzteil-Preis-Liste-JUNKERS-CONTROLS-20240901AP.pdf\">Ersatzteil-Preis-Liste-JUNKERS-CONTROLS-20240901AP<\/a><a href=\"https:\/\/pfaff-handel.de\/wp-content\/uploads\/2024\/08\/Ersatzteil-Preis-Liste-JUNKERS-CONTROLS-20240901AP.pdf\" class=\"wp-block-file__button wp-element-button\" download aria-describedby=\"wp-block-file--media-840c5005-838e-43c2-8815-a822379d8d13\">Herunterladen<\/a><\/div>\n\n\n\n<figure class=\"wp-block-image\"><img loading=\"lazy\" decoding=\"async\" width=\"936\" height=\"486\" src=\"https:\/\/pfaff-handel.de\/wp-content\/uploads\/2019\/04\/Junkers_Controls_Programm1.png\" alt=\"\" class=\"wp-image-243\" srcset=\"https:\/\/pfaff-handel.de\/wp-content\/uploads\/2019\/04\/Junkers_Controls_Programm1.png 936w, https:\/\/pfaff-handel.de\/wp-content\/uploads\/2019\/04\/Junkers_Controls_Programm1-300x156.png 300w, https:\/\/pfaff-handel.de\/wp-content\/uploads\/2019\/04\/Junkers_Controls_Programm1-768x399.png 768w\" sizes=\"auto, (max-width: 936px) 100vw, 936px\" \/><figcaption class=\"wp-element-caption\">Ersatzteilverkauf diverser Junkers Controls Ersatzteile (teilweise nur im Austausch m\u00f6glich!)<\/figcaption><\/figure>\n\n\n\n<figure class=\"wp-block-image\"><img loading=\"lazy\" decoding=\"async\" width=\"869\" height=\"435\" src=\"https:\/\/pfaff-handel.de\/wp-content\/uploads\/2019\/04\/Junkers_Controls_Programm2-1.png\" alt=\"\" class=\"wp-image-246\" srcset=\"https:\/\/pfaff-handel.de\/wp-content\/uploads\/2019\/04\/Junkers_Controls_Programm2-1.png 869w, https:\/\/pfaff-handel.de\/wp-content\/uploads\/2019\/04\/Junkers_Controls_Programm2-1-300x150.png 300w, https:\/\/pfaff-handel.de\/wp-content\/uploads\/2019\/04\/Junkers_Controls_Programm2-1-768x384.png 768w\" sizes=\"auto, (max-width: 869px) 100vw, 869px\" \/><figcaption class=\"wp-element-caption\">Reparatur diverser stromloser Junkers Controls Gasregelarmaturen CR 1 + CR2 +CR 3 + CR 6<\/figcaption><\/figure>\n","protected":false},"excerpt":{"rendered":"<p>Wir f\u00fchren noch teilweise Ersatzteile f\u00fcr diverse&nbsp;Junkers-Controls Produkte Wir bieten Ihnen auch den&nbsp;vor Ort Kundendienst&nbsp;im Gro\u00dfraum&nbsp;STUTTGART&nbsp;an. (Max. 50 Km um den Hauptsitz Backnang)<\/p>\n","protected":false},"author":2,"featured_media":0,"parent":16,"menu_order":2,"comment_status":"closed","ping_status":"closed","template":"","meta":{"footnotes":""},"class_list":["post-65","page","type-page","status-publish","hentry"],"_links":{"self":[{"href":"https:\/\/pfaff-handel.de\/index.php?rest_route=\/wp\/v2\/pages\/65","targetHints":{"allow":["GET"]}}],"collection":[{"href":"https:\/\/pfaff-handel.de\/index.php?rest_route=\/wp\/v2\/pages"}],"about":[{"href":"https:\/\/pfaff-handel.de\/index.php?rest_route=\/wp\/v2\/types\/page"}],"author":[{"embeddable":true,"href":"https:\/\/pfaff-handel.de\/index.php?rest_route=\/wp\/v2\/users\/2"}],"replies":[{"embeddable":true,"href":"https:\/\/pfaff-handel.de\/index.php?rest_route=%2Fwp%2Fv2%2Fcomments&post=65"}],"version-history":[{"count":13,"href":"https:\/\/pfaff-handel.de\/index.php?rest_route=\/wp\/v2\/pages\/65\/revisions"}],"predecessor-version":[{"id":1424,"href":"https:\/\/pfaff-handel.de\/index.php?rest_route=\/wp\/v2\/pages\/65\/revisions\/1424"}],"up":[{"embeddable":true,"href":"https:\/\/pfaff-handel.de\/index.php?rest_route=\/wp\/v2\/pages\/16"}],"wp:attachment":[{"href":"https:\/\/pfaff-handel.de\/index.php?rest_route=%2Fwp%2Fv2%2Fmedia&parent=65"}],"curies":[{"name":"wp","href":"https:\/\/api.w.org\/{rel}","templated":true}]}}